{"id":8912,"date":"2020-10-06T15:50:59","date_gmt":"2020-10-06T15:50:59","guid":{"rendered":"https:\/\/antika-lipovec.si\/?post_type=product&#038;p=8912"},"modified":"2022-10-06T15:52:47","modified_gmt":"2022-10-06T15:52:47","slug":"kozarci-vortex","status":"publish","type":"product","link":"https:\/\/antika-lipovec.si\/en\/trgovina\/other\/rogaska-crystal\/kozarci-vortex\/","title":{"rendered":"Kozarci VORTEX"},"content":{"rendered":"<p>Serija Vortex je namenjena ljubiteljam vina, ki od vrhunsko zasnovanega keliha za optimalno oku\u0161anje vina pri\u010dakujejo tudi izjemno estetiko. Serija se pona\u0161a s \u010da\u0161ami, ki jih krasi \u201copti\u010dni\u201d efekt, dose\u017een s posebno tehniko vro\u010dega oblikovanja stekla. Zagotovo si jih boste \u017eeleli tudi na va\u0161i slavnostni mizi.<\/p>\n","protected":false},"excerpt":{"rendered":"<p>Serija Vortex je namenjena ljubiteljam vina, ki od vrhunsko zasnovanega keliha za optimalno oku\u0161anje vina pri\u010dakujejo tudi izjemno estetiko. Serija se pona\u0161a s \u010da\u0161ami, ki jih krasi \u201copti\u010dni\u201d efekt, dose\u017een s posebno tehniko vro\u010dega oblikovanja stekla. Zagotovo si jih boste \u017eeleli tudi na va\u0161i slavnostni mizi.<\/p>\n","protected":false},"featured_media":8913,"template":"","meta":{"_et_pb_use_builder":"","_et_pb_old_content":"","_et_gb_content_width":""},"product_brand":[],"product_cat":[122],"product_tag":[],"class_list":{"0":"post-8912","1":"product","2":"type-product","3":"status-publish","4":"has-post-thumbnail","6":"product_cat-kristal-steklarne-rogaska","8":"first","9":"instock","10":"shipping-taxable","11":"product-type-simple"},"_links":{"self":[{"href":"https:\/\/antika-lipovec.si\/en\/wp-json\/wp\/v2\/product\/8912","targetHints":{"allow":["GET"]}}],"collection":[{"href":"https:\/\/antika-lipovec.si\/en\/wp-json\/wp\/v2\/product"}],"about":[{"href":"https:\/\/antika-lipovec.si\/en\/wp-json\/wp\/v2\/types\/product"}],"wp:featuredmedia":[{"embeddable":true,"href":"https:\/\/antika-lipovec.si\/en\/wp-json\/wp\/v2\/media\/8913"}],"wp:attachment":[{"href":"https:\/\/antika-lipovec.si\/en\/wp-json\/wp\/v2\/media?parent=8912"}],"wp:term":[{"taxonomy":"product_brand","embeddable":true,"href":"https:\/\/antika-lipovec.si\/en\/wp-json\/wp\/v2\/product_brand?post=8912"},{"taxonomy":"product_cat","embeddable":true,"href":"https:\/\/antika-lipovec.si\/en\/wp-json\/wp\/v2\/product_cat?post=8912"},{"taxonomy":"product_tag","embeddable":true,"href":"https:\/\/antika-lipovec.si\/en\/wp-json\/wp\/v2\/product_tag?post=8912"}],"curies":[{"name":"wp","href":"https:\/\/api.w.org\/{rel}","templated":true}]}}