{"id":8836,"date":"2020-10-06T09:21:35","date_gmt":"2020-10-06T09:21:35","guid":{"rendered":"https:\/\/antika-lipovec.si\/?post_type=product&#038;p=8836"},"modified":"2022-10-06T15:54:57","modified_gmt":"2022-10-06T15:54:57","slug":"kozarci-aurea","status":"publish","type":"product","link":"https:\/\/antika-lipovec.si\/en\/trgovina\/other\/rogaska-crystal\/kozarci-aurea\/","title":{"rendered":"Kozarci AUREA"},"content":{"rendered":"<p><span dir=\"ltr\" role=\"presentation\">Razli\u010dne<\/span> <span dir=\"ltr\" role=\"presentation\">oblike<\/span> <span dir=\"ltr\" role=\"presentation\">vinskih<\/span> <span dir=\"ltr\" role=\"presentation\">\u010da\u0161 <\/span><span dir=\"ltr\" role=\"presentation\">omogo\u010dajo,<\/span> <span dir=\"ltr\" role=\"presentation\">da<\/span> <span dir=\"ltr\" role=\"presentation\">se<\/span> <span dir=\"ltr\" role=\"presentation\">senzori\u010dne <\/span><span dir=\"ltr\" role=\"presentation\">lastnosti vina v polnosti razvijejo. <\/span><span dir=\"ltr\" role=\"presentation\">Pogosto so oblikovani prav s po<\/span><br role=\"presentation\" \/><span dir=\"ltr\" role=\"presentation\">mo\u010djo sommelierev in enologov, <\/span><span dir=\"ltr\" role=\"presentation\">saj v\u0161e\u010dno oblikovanje ni dovolj, <\/span><span dir=\"ltr\" role=\"presentation\">da lahko kelih za vino uvrstimo <\/span><span dir=\"ltr\" role=\"presentation\">med vrhunske izdelke za u\u017eivan<\/span><span dir=\"ltr\" role=\"presentation\">je vina. Tudi material in sama <\/span><span dir=\"ltr\" role=\"presentation\">izdelava so pomembni dejavniki, <\/span><span dir=\"ltr\" role=\"presentation\">saj<\/span> <span dir=\"ltr\" role=\"presentation\">bo<\/span> <span dir=\"ltr\" role=\"presentation\">le<\/span> <span dir=\"ltr\" role=\"presentation\">najodli\u010dnej\u0161e<\/span> <span dir=\"ltr\" role=\"presentation\">steklo <\/span><span dir=\"ltr\" role=\"presentation\">odkrilo pravo barvo vina, dolgi <\/span><span dir=\"ltr\" role=\"presentation\">in elegantni peclji bodo obogatili <\/span><span dir=\"ltr\" role=\"presentation\">izku\u0161njo, ko bomo kelih zavrteli <\/span><span dir=\"ltr\" role=\"presentation\">v<\/span> <span dir=\"ltr\" role=\"presentation\">roki,<\/span> <span dir=\"ltr\" role=\"presentation\">tanek<\/span> <span dir=\"ltr\" role=\"presentation\">in<\/span> <span dir=\"ltr\" role=\"presentation\">prefinjen<\/span> <span dir=\"ltr\" role=\"presentation\">rob <\/span><span dir=\"ltr\" role=\"presentation\">\u010da\u0161e pa bo pobo\u017eal na\u0161e ustnice, <\/span><span dir=\"ltr\" role=\"presentation\">\u0161e<\/span> <span dir=\"ltr\" role=\"presentation\">preden<\/span> <span dir=\"ltr\" role=\"presentation\">se<\/span> <span dir=\"ltr\" role=\"presentation\">jih<\/span> <span dir=\"ltr\" role=\"presentation\">bo<\/span> <span dir=\"ltr\" role=\"presentation\">dotaknilo <\/span><span dir=\"ltr\" role=\"presentation\">\u017elahtno vino.<\/span><br role=\"presentation\" \/>Pakirani v setih po 2 kos. Cena za set.<\/p>\n<p>&nbsp;<\/p>\n","protected":false},"excerpt":{"rendered":"<p>Razli\u010dne oblike vinskih \u010da\u0161 omogo\u010dajo, da se senzori\u010dne lastnosti vina v polnosti razvijejo. Pogosto so oblikovani prav s pomo\u010djo sommelierev in enologov, saj v\u0161e\u010dno oblikovanje ni dovolj, da lahko kelih za vino uvrstimo med vrhunske izdelke za u\u017eivanje vina. Tudi material in sama izdelava so pomembni dejavniki, saj bo le najodli\u010dnej\u0161e steklo odkrilo pravo barvo [&hellip;]<\/p>\n","protected":false},"featured_media":8837,"template":"","meta":{"_et_pb_use_builder":"","_et_pb_old_content":"","_et_gb_content_width":""},"product_brand":[],"product_cat":[122],"product_tag":[],"class_list":{"0":"post-8836","1":"product","2":"type-product","3":"status-publish","4":"has-post-thumbnail","6":"product_cat-kristal-steklarne-rogaska","7":"product_shipping_class-manjsi-predmeti","9":"first","10":"instock","11":"shipping-taxable","12":"product-type-simple"},"_links":{"self":[{"href":"https:\/\/antika-lipovec.si\/en\/wp-json\/wp\/v2\/product\/8836","targetHints":{"allow":["GET"]}}],"collection":[{"href":"https:\/\/antika-lipovec.si\/en\/wp-json\/wp\/v2\/product"}],"about":[{"href":"https:\/\/antika-lipovec.si\/en\/wp-json\/wp\/v2\/types\/product"}],"wp:featuredmedia":[{"embeddable":true,"href":"https:\/\/antika-lipovec.si\/en\/wp-json\/wp\/v2\/media\/8837"}],"wp:attachment":[{"href":"https:\/\/antika-lipovec.si\/en\/wp-json\/wp\/v2\/media?parent=8836"}],"wp:term":[{"taxonomy":"product_brand","embeddable":true,"href":"https:\/\/antika-lipovec.si\/en\/wp-json\/wp\/v2\/product_brand?post=8836"},{"taxonomy":"product_cat","embeddable":true,"href":"https:\/\/antika-lipovec.si\/en\/wp-json\/wp\/v2\/product_cat?post=8836"},{"taxonomy":"product_tag","embeddable":true,"href":"https:\/\/antika-lipovec.si\/en\/wp-json\/wp\/v2\/product_tag?post=8836"}],"curies":[{"name":"wp","href":"https:\/\/api.w.org\/{rel}","templated":true}]}}