{"id":7786,"date":"2021-09-27T14:52:57","date_gmt":"2021-09-27T14:52:57","guid":{"rendered":"https:\/\/antika-lipovec.si\/?post_type=product&#038;p=7786"},"modified":"2024-05-22T10:59:46","modified_gmt":"2024-05-22T10:59:46","slug":"janez-bernik-miza-barvni-sitotisk-l-1974","status":"publish","type":"product","link":"https:\/\/antika-lipovec.si\/en\/trgovina\/works-of-art\/works-of-art-slovenian-artists\/janez-bernik-miza-barvni-sitotisk-l-1974\/","title":{"rendered":"Janez Bernik \/ Miza, barvni sitotisk, l. 1974"},"content":{"rendered":"<p>Janez Bernik: Miza, barvni sitotisk, 19\/60, l. 1974, signirano sredina spodaj. Uokvirjeno. Mere (brez okvirja): 82 x 70 cm.<\/p>\n<p><b>Janez Bernik<\/b>, ve\u010dkrat nagrajeni slovenski slikar, kipar, grafik,&#8230; akademik\u00a0 (sept. 1933 &#8211; julij 2016).<\/p>\n<p>Janez Bernik se je po kon\u010dani \u0161oli za <a class=\"new\" title=\"Umetna obrt (stran ne obstaja)\" href=\"https:\/\/sl.wikipedia.org\/w\/index.php?title=Umetna_obrt&amp;action=edit&amp;redlink=1\">umetno obrt<\/a> leta 1951 vpisal na <a class=\"mw-redirect\" title=\"Akademija za likovno umetnost\" href=\"https:\/\/sl.wikipedia.org\/wiki\/Akademija_za_likovno_umetnost\">Akademijo za likovno umetnost<\/a> v Ljubljani, kjer je leta 1955 tudi diplomiral iz <a title=\"Slikar\" href=\"https:\/\/sl.wikipedia.org\/wiki\/Slikar\">slikarstva<\/a> pri profesorju <a title=\"Maksim Sedej\" href=\"https:\/\/sl.wikipedia.org\/wiki\/Maksim_Sedej\">Maksimu Sedeju<\/a>. Od 1955 do 1957 je pri profesorju Sedeju obiskoval \u0161e dvoletno slikarsko specialko in pa od 1956 do 1958 dvoletno specialko za <a title=\"Grafika\" href=\"https:\/\/sl.wikipedia.org\/wiki\/Grafika\">grafiko<\/a> pri profesorjih <a title=\"Bo\u017eidar Jakac\" href=\"https:\/\/sl.wikipedia.org\/wiki\/Bo%C5%BEidar_Jakac\">Bo\u017eidarju Jakcu<\/a> in <a title=\"Riko Debenjak\" href=\"https:\/\/sl.wikipedia.org\/wiki\/Riko_Debenjak\">Riku Debenjaku<\/a>. Leta 1959 je prejel \u0161tipendijo francoske vlade za \u0161tudijsko izpopolnjevanje v grafi\u010dnem ateljeju <a class=\"new\" title=\"Johny Friedlaender (stran ne obstaja)\" href=\"https:\/\/sl.wikipedia.org\/w\/index.php?title=Johny_Friedlaender&amp;action=edit&amp;redlink=1\">Johnyja Friedlaenderja<\/a> v <a title=\"Pariz\" href=\"https:\/\/sl.wikipedia.org\/wiki\/Pariz\">Parizu<\/a>. Znanje si je nabiral tudi na \u0161tudijskih potovanjih (Italija, Francija\u00a0\u2026). V letih 1958-69 je delal kot svobodni umetnik. Leta 1970 je za\u010del pou\u010devati <a class=\"new\" title=\"Risanje (stran ne obstaja)\" href=\"https:\/\/sl.wikipedia.org\/w\/index.php?title=Risanje&amp;action=edit&amp;redlink=1\">risanje<\/a> in <a class=\"new\" title=\"Slikanje (stran ne obstaja)\" href=\"https:\/\/sl.wikipedia.org\/w\/index.php?title=Slikanje&amp;action=edit&amp;redlink=1\">slikanje<\/a> na Akademiji za likovno umetnost v Ljubljani, od 1979 kot redni profesor. Bil je tudi predstojnik oddelka za slikarstvo (1976-81 in od 1985 do 1996, ko se je upokojil). Bil je \u010dlan <a class=\"new\" title=\"Grupa 69 (stran ne obstaja)\" href=\"https:\/\/sl.wikipedia.org\/w\/index.php?title=Grupa_69&amp;action=edit&amp;redlink=1\">grupe 69<\/a> in je sodeloval na vseh njenih razstavah. Leta 1989 je postal dopisni oz. izredni \u010dlan <a title=\"Slovenska akademija znanosti in umetnosti\" href=\"https:\/\/sl.wikipedia.org\/wiki\/Slovenska_akademija_znanosti_in_umetnosti\">Slovenske akademije znanosti in umetnosti<\/a> v Ljubljani, 1993 pa je bil izvoljen za rednega \u010dlana. Od 1992 je bil tudi <a class=\"new\" title=\"Zunanji dopisni \u010dlan (stran ne obstaja)\" href=\"https:\/\/sl.wikipedia.org\/w\/index.php?title=Zunanji_dopisni_%C4%8Dlan&amp;action=edit&amp;redlink=1\">zunanji dopisni \u010dlan<\/a> <a class=\"new\" title=\"Accademiae Nazionale di san Luca (stran ne obstaja)\" href=\"https:\/\/sl.wikipedia.org\/w\/index.php?title=Accademiae_Nazionale_di_san_Luca&amp;action=edit&amp;redlink=1\">Accademiae Nazionale di san Luca<\/a> v Rimu in od 1996 redni \u010dlan <a title=\"Evropska akademija znanosti in umetnosti\" href=\"https:\/\/sl.wikipedia.org\/wiki\/Evropska_akademija_znanosti_in_umetnosti\">Evropske akademije znanosti in umetnosti<\/a> (Academia Scientiarum et Artium Europaea) v <a title=\"Salzburg\" href=\"https:\/\/sl.wikipedia.org\/wiki\/Salzburg\">Salzburgu<\/a>.<\/p>\n<p>Janez Bernik je vsestranski umetnik in je dosegel odli\u010dne rezultate v slikarstvu, kiparstvu, kiparstvu, grafiki, ilustraciji, tapiseriji, knji\u017eni opremi in poeziji. Njegovi grafi\u010dni listi so v mnogih znanih svetovnih galerijah in zbirkah. Imel je ve\u010d kot 60 samostojnih razstav v Sloveniji in po svetu. Za svoje delo je prejel \u0161tevilne doma\u010de in mednarodne nagrade. Od doma\u010dih nagrad so pomembne predvsem <a class=\"mw-redirect\" title=\"Nagrada Pre\u0161ernovega sklada\" href=\"https:\/\/sl.wikipedia.org\/wiki\/Nagrada_Pre%C5%A1ernovega_sklada\">nagrada Pre\u0161ernovega sklada<\/a> za <a title=\"Slikarstvo\" href=\"https:\/\/sl.wikipedia.org\/wiki\/Slikarstvo\">slikarstvo<\/a> in <a title=\"Grafika\" href=\"https:\/\/sl.wikipedia.org\/wiki\/Grafika\">grafiko<\/a> (1963), <a class=\"mw-redirect\" title=\"Jakopi\u010deva nagrada\" href=\"https:\/\/sl.wikipedia.org\/wiki\/Jakopi%C4%8Deva_nagrada\">Jakopi\u010deva nagrada<\/a> za slikarstvo (1971) in <a title=\"Pre\u0161ernova nagrada\" href=\"https:\/\/sl.wikipedia.org\/wiki\/Pre%C5%A1ernova_nagrada\">Pre\u0161ernova nagrada<\/a> (1981), od mednarodnih pa je veliko <a class=\"new\" title=\"\u010castna nagrada (stran ne obstaja)\" href=\"https:\/\/sl.wikipedia.org\/w\/index.php?title=%C4%8Castna_nagrada&amp;action=edit&amp;redlink=1\">\u010dastnih nagrad<\/a> in pa <a title=\"Zlata medalja\" href=\"https:\/\/sl.wikipedia.org\/wiki\/Zlata_medalja\">zlatih medalj<\/a> za slikarsvo oz. grafiko ter <a class=\"new\" title=\"Herderjeva nagrada (stran ne obstaja)\" href=\"https:\/\/sl.wikipedia.org\/w\/index.php?title=Herderjeva_nagrada&amp;action=edit&amp;redlink=1\">Herderjeva nagrada<\/a> (Dunaj, 2001). <a title=\"Univerza v Ljubljani\" href=\"https:\/\/sl.wikipedia.org\/wiki\/Univerza_v_Ljubljani\">Univerza v Ljubljani<\/a> mu je podelila zlato plaketo (1996), po upokojitvi pa \u0161e naslov <a class=\"mw-redirect\" title=\"Zaslu\u017eni profesor\" href=\"https:\/\/sl.wikipedia.org\/wiki\/Zaslu%C5%BEni_profesor\">zaslu\u017eni profesor<\/a> (1998). Dobil je tudi dr\u017eavno odlikovanje <a class=\"mw-redirect\" title=\"Zlati \u010dastni znak svobode Republike Slovenije\" href=\"https:\/\/sl.wikipedia.org\/wiki\/Zlati_%C4%8Dastni_znak_svobode_Republike_Slovenije\">Zlati \u010dastni znak svobode<\/a> RS (2003).<\/p>\n","protected":false},"excerpt":{"rendered":"<p>Janez Bernik: Miza, barvni sitotisk, 19\/60, l. 1974, signirano sredina spodaj. Uokvirjeno. Mere (brez okvirja): 82 x 70 cm. Janez Bernik, ve\u010dkrat nagrajeni slovenski slikar, kipar, grafik,&#8230; akademik\u00a0 (sept. 1933 &#8211; julij 2016). Janez Bernik se je po kon\u010dani \u0161oli za umetno obrt leta 1951 vpisal na Akademijo za likovno umetnost v Ljubljani, kjer je [&hellip;]<\/p>\n","protected":false},"featured_media":7787,"template":"","meta":{"_et_pb_use_builder":"","_et_pb_old_content":"","_et_gb_content_width":""},"product_brand":[],"product_cat":[88,127],"product_tag":[322],"class_list":{"0":"post-7786","1":"product","2":"type-product","3":"status-publish","4":"has-post-thumbnail","6":"product_cat-umetniniska-dela-slovenskih-avtorjev","7":"product_cat-ugodni-nakupi","8":"product_tag-janez-bernik","9":"product_shipping_class-manjsi-predmeti","11":"first","12":"instock","13":"sale","14":"shipping-taxable","15":"purchasable","16":"product-type-simple"},"_links":{"self":[{"href":"https:\/\/antika-lipovec.si\/en\/wp-json\/wp\/v2\/product\/7786","targetHints":{"allow":["GET"]}}],"collection":[{"href":"https:\/\/antika-lipovec.si\/en\/wp-json\/wp\/v2\/product"}],"about":[{"href":"https:\/\/antika-lipovec.si\/en\/wp-json\/wp\/v2\/types\/product"}],"wp:featuredmedia":[{"embeddable":true,"href":"https:\/\/antika-lipovec.si\/en\/wp-json\/wp\/v2\/media\/7787"}],"wp:attachment":[{"href":"https:\/\/antika-lipovec.si\/en\/wp-json\/wp\/v2\/media?parent=7786"}],"wp:term":[{"taxonomy":"product_brand","embeddable":true,"href":"https:\/\/antika-lipovec.si\/en\/wp-json\/wp\/v2\/product_brand?post=7786"},{"taxonomy":"product_cat","embeddable":true,"href":"https:\/\/antika-lipovec.si\/en\/wp-json\/wp\/v2\/product_cat?post=7786"},{"taxonomy":"product_tag","embeddable":true,"href":"https:\/\/antika-lipovec.si\/en\/wp-json\/wp\/v2\/product_tag?post=7786"}],"curies":[{"name":"wp","href":"https:\/\/api.w.org\/{rel}","templated":true}]}}