{"id":3965,"date":"2020-06-13T09:43:28","date_gmt":"2020-06-13T09:43:28","guid":{"rendered":"https:\/\/antika-lipovec.si\/izdelek\/cinasti-vrc\/"},"modified":"2020-09-02T09:27:20","modified_gmt":"2020-09-02T09:27:20","slug":"cinasti-vrc","status":"publish","type":"product","link":"https:\/\/antika-lipovec.si\/en\/trgovina\/antiquities\/decorating-pieces\/cinasti-vrc\/","title":{"rendered":"Baro\u010dni cehovski vr\u010d"},"content":{"rendered":"<p>Cehovski (\u010devljarski) vr\u010d, kositer, barok, sredina 18. stoletja.<\/p>\n","protected":false},"excerpt":{"rendered":"<p>Cehovski (\u010devljarski) vr\u010d, kositer, barok, sredina 18. stoletja.<\/p>\n","protected":false},"featured_media":3966,"template":"","meta":{"_et_pb_use_builder":"","_et_pb_old_content":"","_et_gb_content_width":""},"product_brand":[],"product_cat":[86],"product_tag":[],"class_list":{"0":"post-3965","1":"product","2":"type-product","3":"status-publish","4":"has-post-thumbnail","6":"product_cat-ostalo","7":"product_shipping_class-manjsi-predmeti","9":"first","10":"instock","11":"shipping-taxable","12":"product-type-simple"},"_links":{"self":[{"href":"https:\/\/antika-lipovec.si\/en\/wp-json\/wp\/v2\/product\/3965","targetHints":{"allow":["GET"]}}],"collection":[{"href":"https:\/\/antika-lipovec.si\/en\/wp-json\/wp\/v2\/product"}],"about":[{"href":"https:\/\/antika-lipovec.si\/en\/wp-json\/wp\/v2\/types\/product"}],"wp:featuredmedia":[{"embeddable":true,"href":"https:\/\/antika-lipovec.si\/en\/wp-json\/wp\/v2\/media\/3966"}],"wp:attachment":[{"href":"https:\/\/antika-lipovec.si\/en\/wp-json\/wp\/v2\/media?parent=3965"}],"wp:term":[{"taxonomy":"product_brand","embeddable":true,"href":"https:\/\/antika-lipovec.si\/en\/wp-json\/wp\/v2\/product_brand?post=3965"},{"taxonomy":"product_cat","embeddable":true,"href":"https:\/\/antika-lipovec.si\/en\/wp-json\/wp\/v2\/product_cat?post=3965"},{"taxonomy":"product_tag","embeddable":true,"href":"https:\/\/antika-lipovec.si\/en\/wp-json\/wp\/v2\/product_tag?post=3965"}],"curies":[{"name":"wp","href":"https:\/\/api.w.org\/{rel}","templated":true}]}}