{"id":14824,"date":"2026-03-05T10:50:58","date_gmt":"2026-03-05T10:50:58","guid":{"rendered":"https:\/\/antika-lipovec.si\/?post_type=product&#038;p=14824"},"modified":"2026-03-06T08:57:12","modified_gmt":"2026-03-06T08:57:12","slug":"andrej-jemec-barvna-serigrafija","status":"publish","type":"product","link":"https:\/\/antika-lipovec.si\/en\/trgovina\/works-of-art\/works-of-art-slovenian-artists\/andrej-jemec-barvna-serigrafija\/","title":{"rendered":"Andrej Jemec \/ Barvna serigrafija"},"content":{"rendered":"<p>Andrej Jemec, barvna serigrafija, signirano in datirano: A. Jemec, 1991, \u0161tev. grafi\u010dnega lista: 27\/45, brez okvirja, mere: 100 x 70 cm.<\/p>\n<p>Andrej Jemec je akademski slikar in Pre\u0161ernov nagrajenec za \u017eivljenjsko delo (leta 1994). Poleg slikarstva njegovo umetni\u0161ko ustvarjanje sega tudi na podro\u010dje grafike in risbe ter tapiserije, skulpture, barvnega stekla in grafi\u010dnega oblikovanja. Jemec se je rodil 29. novembra 1934 v Ljubljani, kjer je leta 1958 tudi diplomiral iz slikarstva na Akademiji upodabljajo\u010dih umetnosti. Na akademiji je kasneje, po \u0161tudijskem izpopolnjevanju v Parizu in Londonu, pou\u010deval kot profesor za risanje in slikanje vse do upokojitve leta 1999. V dveh mandatih je bil tudi dekan.<\/p>\n<p>Jemec je veliko razstavljal na samostojnih, skupinskih in mednarodnih razstavah, med drugim dvakrat na bene\u0161kem bienalu, dvakrat na bienalu v Sao Paulu in v Parizu na razstavi Umetnost na tleh Jugoslavije od prazgodovine do danes. Udele\u017eil se je vseh mednarodnih grafi\u010dnih bienalov v Ljubljani od leta 1963 do 1999, sodeloval na grafi\u010dnih bienalih v Frechnu in na trienalih v Fredrikstadu, Krakowu in Osaki. Za svoje delo je prejel \u0161tevilne nagrade, tudi Pre\u0161ernovo nagrado za \u017eivljenjsko delo. Leta 1995 je bil izvoljen v Slovensko akademijo znanosti in umetnosti v Ljubljani kot izredni, leta 2001 pa kot redni \u010dlan.<\/p>\n<p>Njegova dela hranijo v mnogih stalnih zbirkah muzejev in galerij ter drugih javnih institucij v Sloveniji in tujini \u2013 v galeriji Tate v Londonu, Narodnem muzeju sodobne umetnosti v Tokiu, Narodni galeriji v Pragi, Umetnostnem muzeju v St. Gallnu in tudi v Albertini na Dunaju.<\/p>\n<p>V utemeljitvi Pre\u0161ernove nagrade leta 1994 so kot zna\u010dilnost dotedanjega Jem\u010devega opusa izpostavili cikli\u010dno razporejenost v dalj\u0161a in kraj\u0161a razvojna obdobja, v katerih je umetnik na\u010denjal in suvereno razre\u0161eval aktualno likovno problematiko. Pri le redkem slikarju bi mogli tako razlo\u010dno deliti njegovo umetni\u0161ko pot na vsebinsko in slogovno izrisane stopnje, ki pa so ob vsej razvejenosti povezane v osebno razpoznavno celovitost, skladno z avtorjevim prirojenim ustvarjalnim zna\u010dajem, so \u0161e zapisali.<\/p>\n","protected":false},"excerpt":{"rendered":"<p>Andrej Jemec, grafika<\/p>\n","protected":false},"featured_media":14825,"template":"","meta":{"_et_pb_use_builder":"","_et_pb_old_content":"","_et_gb_content_width":""},"product_brand":[],"product_cat":[88],"product_tag":[],"class_list":{"0":"post-14824","1":"product","2":"type-product","3":"status-publish","4":"has-post-thumbnail","6":"product_cat-umetniniska-dela-slovenskih-avtorjev","7":"product_shipping_class-manjsi-predmeti","9":"first","10":"instock","11":"shipping-taxable","12":"purchasable","13":"product-type-simple"},"_links":{"self":[{"href":"https:\/\/antika-lipovec.si\/en\/wp-json\/wp\/v2\/product\/14824","targetHints":{"allow":["GET"]}}],"collection":[{"href":"https:\/\/antika-lipovec.si\/en\/wp-json\/wp\/v2\/product"}],"about":[{"href":"https:\/\/antika-lipovec.si\/en\/wp-json\/wp\/v2\/types\/product"}],"wp:featuredmedia":[{"embeddable":true,"href":"https:\/\/antika-lipovec.si\/en\/wp-json\/wp\/v2\/media\/14825"}],"wp:attachment":[{"href":"https:\/\/antika-lipovec.si\/en\/wp-json\/wp\/v2\/media?parent=14824"}],"wp:term":[{"taxonomy":"product_brand","embeddable":true,"href":"https:\/\/antika-lipovec.si\/en\/wp-json\/wp\/v2\/product_brand?post=14824"},{"taxonomy":"product_cat","embeddable":true,"href":"https:\/\/antika-lipovec.si\/en\/wp-json\/wp\/v2\/product_cat?post=14824"},{"taxonomy":"product_tag","embeddable":true,"href":"https:\/\/antika-lipovec.si\/en\/wp-json\/wp\/v2\/product_tag?post=14824"}],"curies":[{"name":"wp","href":"https:\/\/api.w.org\/{rel}","templated":true}]}}