{"id":14355,"date":"2026-02-05T09:52:49","date_gmt":"2026-02-05T09:52:49","guid":{"rendered":"https:\/\/antika-lipovec.si\/?post_type=product&#038;p=14355"},"modified":"2026-03-23T11:37:12","modified_gmt":"2026-03-23T11:37:12","slug":"majhen-bidermajerski-predalnik","status":"publish","type":"product","link":"https:\/\/antika-lipovec.si\/en\/trgovina\/antiquities\/restored-furniture-and-lamps\/majhen-bidermajerski-predalnik\/","title":{"rendered":"Majhen bidermajerski predalnik"},"content":{"rendered":"<p>Manj\u0161i predalnik, bidermajer, iz za\u010detka 19. stoletja (cca. leto 1830), orehov furnir &#8211; korenina, ro\u010daji iz medenine. Obnovljen v na\u0161i restavratorski delavnici (ro\u010dna \u0161elak politura).<br \/>\nMere: 87 x 49 x 80 (v) cm.\u00a0 \u00a0Predalnik o\u010dara z bogato risbo lesa, toplim sijajem in brez\u010dasno eleganco. \u010ciste linije, zaobljeni robovi in medeninasti ro\u010daji ustvarjajo prefinjen kos, ki iz\u017eareva kakovost in zgodovino. Zaradi svoje umirjene oblike in plemenitega materiala je <strong data-start=\"360\" data-end=\"406\">odli\u010dno uporaben tudi v sodobnih ambientih<\/strong> \u2013 kot statement kos v dnevni sobi, spalnici ali elegantni pisarni. Tako dekorativen kot prakti\u010den, z veliko prostora za shranjevanje.<\/p>\n<p data-start=\"542\" data-end=\"668\">\u2728\u00a0 Klasika, ki nikoli ne gre iz mode.<br data-start=\"578\" data-end=\"581\" \/>\u2728 Naravna lepota orehove korenine.<br data-start=\"615\" data-end=\"618\" \/>\u2728 Popolna kombinacija funkcionalnosti in estetike.<\/p>\n<div style=\"width: 1080px;\" class=\"wp-video\"><video class=\"wp-video-shortcode\" id=\"video-14355-1\" width=\"1080\" height=\"608\" preload=\"metadata\" controls=\"controls\"><source type=\"video\/mp4\" src=\"https:\/\/antika-lipovec.si\/wp-content\/uploads\/2026\/02\/predalnik-bm15d.mp4?_=1\" \/><a href=\"https:\/\/antika-lipovec.si\/wp-content\/uploads\/2026\/02\/predalnik-bm15d.mp4\">https:\/\/antika-lipovec.si\/wp-content\/uploads\/2026\/02\/predalnik-bm15d.mp4<\/a><\/video><\/div>\n","protected":false},"excerpt":{"rendered":"<p>Bidermajerski predalnik<\/p>\n","protected":false},"featured_media":14356,"template":"","meta":{"_et_pb_use_builder":"","_et_pb_old_content":"","_et_gb_content_width":""},"product_brand":[],"product_cat":[414,109],"product_tag":[212,457,459,488,489],"class_list":{"0":"post-14355","1":"product","2":"type-product","3":"status-publish","4":"has-post-thumbnail","6":"product_cat-obnovljeno-pohistvo","7":"product_cat-starinski-predmeti","8":"product_tag-bidermajer","9":"product_tag-restavriranje","10":"product_tag-restavratorstvo","11":"product_tag-predalnik","12":"product_tag-ovbnova","13":"product_shipping_class-vecji-predmeti","15":"first","16":"outofstock","17":"shipping-taxable","18":"product-type-simple"},"_links":{"self":[{"href":"https:\/\/antika-lipovec.si\/en\/wp-json\/wp\/v2\/product\/14355","targetHints":{"allow":["GET"]}}],"collection":[{"href":"https:\/\/antika-lipovec.si\/en\/wp-json\/wp\/v2\/product"}],"about":[{"href":"https:\/\/antika-lipovec.si\/en\/wp-json\/wp\/v2\/types\/product"}],"wp:featuredmedia":[{"embeddable":true,"href":"https:\/\/antika-lipovec.si\/en\/wp-json\/wp\/v2\/media\/14356"}],"wp:attachment":[{"href":"https:\/\/antika-lipovec.si\/en\/wp-json\/wp\/v2\/media?parent=14355"}],"wp:term":[{"taxonomy":"product_brand","embeddable":true,"href":"https:\/\/antika-lipovec.si\/en\/wp-json\/wp\/v2\/product_brand?post=14355"},{"taxonomy":"product_cat","embeddable":true,"href":"https:\/\/antika-lipovec.si\/en\/wp-json\/wp\/v2\/product_cat?post=14355"},{"taxonomy":"product_tag","embeddable":true,"href":"https:\/\/antika-lipovec.si\/en\/wp-json\/wp\/v2\/product_tag?post=14355"}],"curies":[{"name":"wp","href":"https:\/\/api.w.org\/{rel}","templated":true}]}}