{"id":14341,"date":"2026-02-05T09:35:48","date_gmt":"2026-02-05T09:35:48","guid":{"rendered":"https:\/\/antika-lipovec.si\/?post_type=product&#038;p=14341"},"modified":"2026-02-05T09:35:52","modified_gmt":"2026-02-05T09:35:52","slug":"anze-gallus-petelin-petelin-25","status":"publish","type":"product","link":"https:\/\/antika-lipovec.si\/en\/trgovina\/works-of-art\/works-of-art-slovenian-artists\/anze-gallus-petelin-petelin-25\/","title":{"rendered":"An\u017ee Gallus Petelin \/ Petelin 25"},"content":{"rendered":"<p>An\u017ee Gallus Petelin, Petelin 25, iz kolekcije &#8220;Petelin&#8221;, me\u0161ana tehnika (akril na platno, kola\u017e,..), dimenzije: 40 x 40 cm.<\/p>\n<p>Podoba petelina (simbolu mo\u010di, poguma, odlo\u010dnosti, sonca, prebujenja, novega za\u010detka,&#8230;),\u00a0 umetniku slu\u017ei kot orodje, v katerem izrazi svoje zgodbe, \u010dustva, navdihe: &#8220;Vsaka kreacija iz kolekcije Petelin je kot edinstven dnevnik slikarja, izra\u017een v umetnikovem lastnem \u2013 originalnem likovnem jeziku. Je izliv du\u0161e, zapis \u010dustev, preplet smeha in solz, vetra pozne jeseni in sonca pomladi.\u201d<\/p>\n<p>O umetniku: <a href=\"https:\/\/savus.si\/anze-gallus-petelin-v-zagorju\/\">https:\/\/savus.si\/anze-gallus-petelin-v-zagorju\/<\/a><\/p>\n<p><a href=\"https:\/\/revijastop.si\/clanek\/intervjuji\/67aa4f6dce547\/anze-gallus-petelin-s-petelini-osvaja-svet\">https:\/\/revijastop.si\/clanek\/intervjuji\/67aa4f6dce547\/anze-gallus-petelin-s-petelini-osvaja-svet<\/a><\/p>\n","protected":false},"excerpt":{"rendered":"<p>An\u017ee Gallus Petelin \/ Petelin<\/p>\n","protected":false},"featured_media":14342,"template":"","meta":{"_et_pb_use_builder":"","_et_pb_old_content":"","_et_gb_content_width":""},"product_brand":[],"product_cat":[88],"product_tag":[481],"class_list":{"0":"post-14341","1":"product","2":"type-product","3":"status-publish","4":"has-post-thumbnail","6":"product_cat-umetniniska-dela-slovenskih-avtorjev","7":"product_tag-anze-gallus-petelin","8":"product_shipping_class-manjsi-predmeti","10":"first","11":"instock","12":"shipping-taxable","13":"purchasable","14":"product-type-simple"},"_links":{"self":[{"href":"https:\/\/antika-lipovec.si\/en\/wp-json\/wp\/v2\/product\/14341","targetHints":{"allow":["GET"]}}],"collection":[{"href":"https:\/\/antika-lipovec.si\/en\/wp-json\/wp\/v2\/product"}],"about":[{"href":"https:\/\/antika-lipovec.si\/en\/wp-json\/wp\/v2\/types\/product"}],"wp:featuredmedia":[{"embeddable":true,"href":"https:\/\/antika-lipovec.si\/en\/wp-json\/wp\/v2\/media\/14342"}],"wp:attachment":[{"href":"https:\/\/antika-lipovec.si\/en\/wp-json\/wp\/v2\/media?parent=14341"}],"wp:term":[{"taxonomy":"product_brand","embeddable":true,"href":"https:\/\/antika-lipovec.si\/en\/wp-json\/wp\/v2\/product_brand?post=14341"},{"taxonomy":"product_cat","embeddable":true,"href":"https:\/\/antika-lipovec.si\/en\/wp-json\/wp\/v2\/product_cat?post=14341"},{"taxonomy":"product_tag","embeddable":true,"href":"https:\/\/antika-lipovec.si\/en\/wp-json\/wp\/v2\/product_tag?post=14341"}],"curies":[{"name":"wp","href":"https:\/\/api.w.org\/{rel}","templated":true}]}}