{"id":14120,"date":"2020-06-12T10:22:35","date_gmt":"2020-06-12T10:22:35","guid":{"rendered":"https:\/\/antika-lipovec.si\/?post_type=product&#038;p=14120"},"modified":"2026-01-14T10:11:36","modified_gmt":"2026-01-14T10:11:36","slug":"ludvik-pandur-pastel","status":"publish","type":"product","link":"https:\/\/antika-lipovec.si\/en\/trgovina\/works-of-art\/works-of-art-slovenian-artists\/ludvik-pandur-pastel\/","title":{"rendered":"Ludvik Pandur \/ Pastel"},"content":{"rendered":"<p>Ludvik Pandur, pastel, leto izdelave 1989, lepo okvirjena. Mere: 48 x 64 cm (+ paspartu in okvir 13 cm)<\/p>\n<p>Slikarstvo Ludvika Pandurja je zaznamoval \u0161tudij na zagreb\u0161ki likovni akademiji. V letih, ko so se mladi slovenski likovni ustvarjalci skorajda brez izjeme \u0161olali v Ljubljani, se je Ludvik Pandur odpravil v Zagreb, kjer je leta 1936 diplomiral \u017ee njegov o\u010de Laj\u010di Pandur. \u017dlahtna tradicija zagreb\u0161ke akademije, zagledane v \u0161panski barok in usmerjene v sodobni Pariz, ter utrip velikega mesta, ki je bil v Zagrebu bolj svetovljanski kot v Ljubljani ali Mariboru, sta pomagala utirati slikarske za\u010detke Ludvika Pandurja. Njegov opus je zavezan figuri in krajini, zaznamujeta pa ga umetnikova vehemenca v potezah in izra\u017eanje z barvo. Na Pandurjevih slikah odzvanjajo stari miti, ljudske bajke in svetni\u0161ke legende ter se ogla\u0161ajo podobe, ki so se mu vtisnile v spomin \u017ee v otro\u0161tvu, med potovanji po tujih de\u017eelah. Poleg prizorov iz\u00a0 Pandurjeva najmo\u010dnej\u0161a inspiracija so strastna \u0160panija, bujni barok in sodobno ameri\u0161ko slikarstvo. Ludvik Pandur je podobe karikirano grotesknih mo\u0161kih in senzualno razko\u0161nih \u017eensk naslavljal Omizja, Tribune in Dogodki. Odzval se je na utesnjenost \u010dloveka v dvajsetem stoletju, ki se je prepustilo brez\u010dutnosti in brezglavemu hlastanju za u\u017eitkom. Poznavalsko je segel v zakladnico bene\u0161kega in \u0161panskega baroka ter kompozicije nadgradil s temperamentnim sodobnim nagovorom &#8230;.\u00a0 (<a href=\"https:\/\/ff.um.si\/aktualno\/ludvik-pandur\">https:\/\/ff.um.si\/aktualno\/ludvik-pandur<\/a>\/)<\/p>\n<p><a href=\"https:\/\/www.obrazislovenskihpokrajin.si\/en\/oseba\/pandur-ludvik\">https:\/\/www.obrazislovenskihpokrajin.si\/en\/oseba\/pandur-ludvik<\/a>\/<\/p>\n<p><a href=\"https:\/\/www.rtvslo.si\/kultura\/vizualna-umetnost\/umrl-akademski-slikar-ludvik-pandur-ki-je-javnost-navduseval-z-izjemnim-slikarskim-opusom\/753005\">https:\/\/www.rtvslo.si\/kultura\/vizualna-umetnost\/umrl-akademski-slikar-ludvik-pandur-ki-je-javnost-navduseval-z-izjemnim-slikarskim-opusom\/753005<\/a><\/p>\n<p>&nbsp;<\/p>\n","protected":false},"excerpt":{"rendered":"<p>Ludvik Pandur<\/p>\n","protected":false},"featured_media":14121,"template":"","meta":{"_et_pb_use_builder":"","_et_pb_old_content":"","_et_gb_content_width":""},"product_brand":[],"product_cat":[88,127],"product_tag":[300,475],"class_list":{"0":"post-14120","1":"product","2":"type-product","3":"status-publish","4":"has-post-thumbnail","6":"product_cat-umetniniska-dela-slovenskih-avtorjev","7":"product_cat-ugodni-nakupi","8":"product_tag-slovenska-umetnost","9":"product_tag-ludvik-pandur","10":"product_shipping_class-manjsi-predmeti","12":"first","13":"outofstock","14":"shipping-taxable","15":"product-type-simple"},"_links":{"self":[{"href":"https:\/\/antika-lipovec.si\/en\/wp-json\/wp\/v2\/product\/14120","targetHints":{"allow":["GET"]}}],"collection":[{"href":"https:\/\/antika-lipovec.si\/en\/wp-json\/wp\/v2\/product"}],"about":[{"href":"https:\/\/antika-lipovec.si\/en\/wp-json\/wp\/v2\/types\/product"}],"wp:featuredmedia":[{"embeddable":true,"href":"https:\/\/antika-lipovec.si\/en\/wp-json\/wp\/v2\/media\/14121"}],"wp:attachment":[{"href":"https:\/\/antika-lipovec.si\/en\/wp-json\/wp\/v2\/media?parent=14120"}],"wp:term":[{"taxonomy":"product_brand","embeddable":true,"href":"https:\/\/antika-lipovec.si\/en\/wp-json\/wp\/v2\/product_brand?post=14120"},{"taxonomy":"product_cat","embeddable":true,"href":"https:\/\/antika-lipovec.si\/en\/wp-json\/wp\/v2\/product_cat?post=14120"},{"taxonomy":"product_tag","embeddable":true,"href":"https:\/\/antika-lipovec.si\/en\/wp-json\/wp\/v2\/product_tag?post=14120"}],"curies":[{"name":"wp","href":"https:\/\/api.w.org\/{rel}","templated":true}]}}