{"id":14108,"date":"2023-11-11T10:45:52","date_gmt":"2023-11-11T10:45:52","guid":{"rendered":"https:\/\/antika-lipovec.si\/?post_type=product&#038;p=14108"},"modified":"2026-01-14T10:16:42","modified_gmt":"2026-01-14T10:16:42","slug":"majhen-barocni-predalnik","status":"publish","type":"product","link":"https:\/\/antika-lipovec.si\/en\/trgovina\/antiquities\/restored-furniture-and-lamps\/majhen-barocni-predalnik\/","title":{"rendered":"Majhen baro\u010dni predalnik"},"content":{"rendered":"<p>Majhen predalnik, izdelan v baro\u010dnem stilu, v drugi polovici 19. stoletja (cca. leta 1870), iz masivnega lesa in furniran z orehovim furnirjem. Originalno medeninasto okrasje. Obnovljen v na\u0161i restavratorski delavnici (ro\u010dna \u0161elak politura). Mere: 64 x 48 x 77 (v) cm.<\/p>\n","protected":false},"excerpt":{"rendered":"<p>baro\u010dni predalnik<\/p>\n","protected":false},"featured_media":14109,"template":"","meta":{"_et_pb_use_builder":"","_et_pb_old_content":"","_et_gb_content_width":""},"product_brand":[],"product_cat":[414],"product_tag":[171,237],"class_list":{"0":"post-14108","1":"product","2":"type-product","3":"status-publish","4":"has-post-thumbnail","6":"product_cat-obnovljeno-pohistvo","7":"product_tag-barok","8":"product_tag-starinski-predalnik","9":"product_shipping_class-vecji-predmeti","11":"first","12":"outofstock","13":"shipping-taxable","14":"product-type-simple"},"_links":{"self":[{"href":"https:\/\/antika-lipovec.si\/en\/wp-json\/wp\/v2\/product\/14108","targetHints":{"allow":["GET"]}}],"collection":[{"href":"https:\/\/antika-lipovec.si\/en\/wp-json\/wp\/v2\/product"}],"about":[{"href":"https:\/\/antika-lipovec.si\/en\/wp-json\/wp\/v2\/types\/product"}],"wp:featuredmedia":[{"embeddable":true,"href":"https:\/\/antika-lipovec.si\/en\/wp-json\/wp\/v2\/media\/14109"}],"wp:attachment":[{"href":"https:\/\/antika-lipovec.si\/en\/wp-json\/wp\/v2\/media?parent=14108"}],"wp:term":[{"taxonomy":"product_brand","embeddable":true,"href":"https:\/\/antika-lipovec.si\/en\/wp-json\/wp\/v2\/product_brand?post=14108"},{"taxonomy":"product_cat","embeddable":true,"href":"https:\/\/antika-lipovec.si\/en\/wp-json\/wp\/v2\/product_cat?post=14108"},{"taxonomy":"product_tag","embeddable":true,"href":"https:\/\/antika-lipovec.si\/en\/wp-json\/wp\/v2\/product_tag?post=14108"}],"curies":[{"name":"wp","href":"https:\/\/api.w.org\/{rel}","templated":true}]}}