{"id":14087,"date":"2025-11-03T09:59:20","date_gmt":"2025-11-03T09:59:20","guid":{"rendered":"https:\/\/antika-lipovec.si\/?post_type=product&#038;p=14087"},"modified":"2026-02-06T09:13:47","modified_gmt":"2026-02-06T09:13:47","slug":"albin-lugaric-brez-naslova-olje-na-juto","status":"publish","type":"product","link":"https:\/\/antika-lipovec.si\/en\/trgovina\/works-of-art\/works-of-art-slovenian-artists\/albin-lugaric-brez-naslova-olje-na-juto\/","title":{"rendered":"Albin Lugari\u010d \/ Brez naslova \/ Olje na juto"},"content":{"rendered":"<p>Albin Lugari\u010d, Brez naslova, olje na juto, signirano desno spodaj, okvirjeno, mere: 101 x 91 cm (+ okvir 5 cm).<\/p>\n<p>Akademski slikar Albin Lugari\u010d je izredno ploden ustvarjalec in zelo raznolik slikar. Njegove skupine slik so zaokro\u017eene v ve\u010d izrazitej\u0161ih ciklusov. V petdesetih letih sta nastala ciklusa istrskih krajin in figur v prostoru. V prvi polovici \u0161estdesetih let je izginila figura in ostali so \u0161opki cvetja, slike na steni in predvsem pogled skozi okno ali vrata v pokrajino. Poudarek je na odnosih med zunanjim in notranjim prostorom. V tem \u010dasu je nastalo ve\u010d Pesnikov in Ve\u010derov, njegovih najbolj ekspresionisti\u010dnih del. Sledilo je obdobje svetlej\u0161ih podob Pristani\u0161\u010d, Jadrnic, Solin, Obal in \u010ceri, s katerimi se je pribli\u017eeval abstrakciji. V prvi polovici sedemdesetih let je nastal verjetno najpomembnej\u0161i cikel halo\u0161kih pokrajin in uveljavil se je kot krajinar. V naslednjem desetletju se je vra\u010dal k nekaterim motivom iz prej\u0161njih obdobij. Spet ga je pritegnila figuralika in nastalo je ve\u010d zanimivih istrskih podob. Sledila so bolj druga\u010dna devetdeseta leta. Z abstraktnimi kompozicijami se je odmaknil od predmetne prepoznavnosti. Upodabljal je mestne vedute, vsebinsko tema\u010dne in agresivne, kar zanj ni zna\u010dilno. Stalna spremljevalka njegovega slikarstva je risba, kjer je tudi najbolj razviden njegov naslon na vzornike, na profesorje iz ljubljanske akademije. Za risbe je zna\u010dilna sklenjena obrisna linija brez sen\u010denja, kot slikar pa se je Lugari\u010d rad izra\u017eal v tonskih risbah, za katere je zna\u010dilen \u0161irok zamah s \u010dopi\u010dem.<\/p>\n<p>Ve\u010d o avtorju: <a href=\"https:\/\/www.obrazislovenskihpokrajin.si\/oseba\/lugaric-albin\/\">https:\/\/www.obrazislovenskihpokrajin.si\/oseba\/lugaric-albin\/<\/a><\/p>\n","protected":false},"excerpt":{"rendered":"<p>Albin Lugari\u010d, olje na juto<\/p>\n","protected":false},"featured_media":14088,"template":"","meta":{"_et_pb_use_builder":"","_et_pb_old_content":"","_et_gb_content_width":""},"product_brand":[],"product_cat":[88],"product_tag":[471],"class_list":{"0":"post-14087","1":"product","2":"type-product","3":"status-publish","4":"has-post-thumbnail","6":"product_cat-umetniniska-dela-slovenskih-avtorjev","7":"product_tag-albin-lugaric","8":"product_shipping_class-manjsi-predmeti","10":"first","11":"instock","12":"sale","13":"shipping-taxable","14":"purchasable","15":"product-type-simple"},"_links":{"self":[{"href":"https:\/\/antika-lipovec.si\/en\/wp-json\/wp\/v2\/product\/14087","targetHints":{"allow":["GET"]}}],"collection":[{"href":"https:\/\/antika-lipovec.si\/en\/wp-json\/wp\/v2\/product"}],"about":[{"href":"https:\/\/antika-lipovec.si\/en\/wp-json\/wp\/v2\/types\/product"}],"wp:featuredmedia":[{"embeddable":true,"href":"https:\/\/antika-lipovec.si\/en\/wp-json\/wp\/v2\/media\/14088"}],"wp:attachment":[{"href":"https:\/\/antika-lipovec.si\/en\/wp-json\/wp\/v2\/media?parent=14087"}],"wp:term":[{"taxonomy":"product_brand","embeddable":true,"href":"https:\/\/antika-lipovec.si\/en\/wp-json\/wp\/v2\/product_brand?post=14087"},{"taxonomy":"product_cat","embeddable":true,"href":"https:\/\/antika-lipovec.si\/en\/wp-json\/wp\/v2\/product_cat?post=14087"},{"taxonomy":"product_tag","embeddable":true,"href":"https:\/\/antika-lipovec.si\/en\/wp-json\/wp\/v2\/product_tag?post=14087"}],"curies":[{"name":"wp","href":"https:\/\/api.w.org\/{rel}","templated":true}]}}