{"id":14068,"date":"2025-10-27T11:02:42","date_gmt":"2025-10-27T11:02:42","guid":{"rendered":"https:\/\/antika-lipovec.si\/?post_type=product&#038;p=14068"},"modified":"2026-01-19T11:11:48","modified_gmt":"2026-01-19T11:11:48","slug":"josip-primozic-toso-maribor-glavni-trg-veliki-format","status":"publish","type":"product","link":"https:\/\/antika-lipovec.si\/en\/trgovina\/works-of-art\/works-of-art-slovenian-artists\/josip-primozic-toso-maribor-glavni-trg-veliki-format\/","title":{"rendered":"Josip Primo\u017ei\u010d To\u0161o \/ Maribor  Glavni trg \/ Veliki format"},"content":{"rendered":"<p>Josip Primo\u017ei\u010d &#8211; To\u0161o, Maribor &#8211; Glavni trg, olje na platno, leto 1957, signirano in datirano desno spodaj, mere: 100 x 80 (+ okvir 18 cm), okvirjeno.<\/p>\n<p class=\"font_2 wixui-rich-text__text\">O slikarju: <a href=\"https:\/\/www.dlum.si\/application\/files\/4716\/6689\/6835\/2021_Katalog_TosoP-web.pdf\"> https:\/\/www.dlum.si\/application\/files\/4716\/6689\/6835\/2021_Katalog_TosoP-web.pdf<\/a><\/p>\n","protected":false},"excerpt":{"rendered":"<p>Josip Primo\u017ei\u010d To\u0161o \/ Maribor<\/p>\n","protected":false},"featured_media":14069,"template":"","meta":{"_et_pb_use_builder":"","_et_pb_old_content":"","_et_gb_content_width":""},"product_brand":[],"product_cat":[88],"product_tag":[470],"class_list":{"0":"post-14068","1":"product","2":"type-product","3":"status-publish","4":"has-post-thumbnail","6":"product_cat-umetniniska-dela-slovenskih-avtorjev","7":"product_tag-josip-primozic-toso","8":"product_shipping_class-manjsi-predmeti","10":"first","11":"instock","12":"shipping-taxable","13":"purchasable","14":"product-type-simple"},"_links":{"self":[{"href":"https:\/\/antika-lipovec.si\/en\/wp-json\/wp\/v2\/product\/14068","targetHints":{"allow":["GET"]}}],"collection":[{"href":"https:\/\/antika-lipovec.si\/en\/wp-json\/wp\/v2\/product"}],"about":[{"href":"https:\/\/antika-lipovec.si\/en\/wp-json\/wp\/v2\/types\/product"}],"wp:featuredmedia":[{"embeddable":true,"href":"https:\/\/antika-lipovec.si\/en\/wp-json\/wp\/v2\/media\/14069"}],"wp:attachment":[{"href":"https:\/\/antika-lipovec.si\/en\/wp-json\/wp\/v2\/media?parent=14068"}],"wp:term":[{"taxonomy":"product_brand","embeddable":true,"href":"https:\/\/antika-lipovec.si\/en\/wp-json\/wp\/v2\/product_brand?post=14068"},{"taxonomy":"product_cat","embeddable":true,"href":"https:\/\/antika-lipovec.si\/en\/wp-json\/wp\/v2\/product_cat?post=14068"},{"taxonomy":"product_tag","embeddable":true,"href":"https:\/\/antika-lipovec.si\/en\/wp-json\/wp\/v2\/product_tag?post=14068"}],"curies":[{"name":"wp","href":"https:\/\/api.w.org\/{rel}","templated":true}]}}