{"id":13867,"date":"2025-08-07T10:59:23","date_gmt":"2025-08-07T10:59:23","guid":{"rendered":"https:\/\/antika-lipovec.si\/?post_type=product&#038;p=13867"},"modified":"2025-08-07T10:59:24","modified_gmt":"2025-08-07T10:59:24","slug":"joze-ciuha-profet-na-rdecem-ozadju-grafika","status":"publish","type":"product","link":"https:\/\/antika-lipovec.si\/en\/trgovina\/works-of-art\/works-of-art-slovenian-artists\/joze-ciuha-profet-na-rdecem-ozadju-grafika\/","title":{"rendered":"Jo\u017ee Ciuha \/ Profet na rde\u010dem ozadju \/ Grafika"},"content":{"rendered":"<p>Jo\u017ee Ciuha, Profet na rde\u010dem ozadju, signirano, grafi\u010dni list 107\/125, okvirjeno. Dimenzije: 60 x 56 cm (+ okvir 10 cm).<\/p>\n","protected":false},"excerpt":{"rendered":"<p>Jo\u017ee Ciuha<\/p>\n","protected":false},"featured_media":13868,"template":"","meta":{"_et_pb_use_builder":"","_et_pb_old_content":"","_et_gb_content_width":""},"product_brand":[],"product_cat":[88],"product_tag":[339],"class_list":{"0":"post-13867","1":"product","2":"type-product","3":"status-publish","4":"has-post-thumbnail","6":"product_cat-umetniniska-dela-slovenskih-avtorjev","7":"product_tag-ciuha","8":"product_shipping_class-manjsi-predmeti","10":"first","11":"instock","12":"shipping-taxable","13":"purchasable","14":"product-type-simple"},"_links":{"self":[{"href":"https:\/\/antika-lipovec.si\/en\/wp-json\/wp\/v2\/product\/13867","targetHints":{"allow":["GET"]}}],"collection":[{"href":"https:\/\/antika-lipovec.si\/en\/wp-json\/wp\/v2\/product"}],"about":[{"href":"https:\/\/antika-lipovec.si\/en\/wp-json\/wp\/v2\/types\/product"}],"wp:featuredmedia":[{"embeddable":true,"href":"https:\/\/antika-lipovec.si\/en\/wp-json\/wp\/v2\/media\/13868"}],"wp:attachment":[{"href":"https:\/\/antika-lipovec.si\/en\/wp-json\/wp\/v2\/media?parent=13867"}],"wp:term":[{"taxonomy":"product_brand","embeddable":true,"href":"https:\/\/antika-lipovec.si\/en\/wp-json\/wp\/v2\/product_brand?post=13867"},{"taxonomy":"product_cat","embeddable":true,"href":"https:\/\/antika-lipovec.si\/en\/wp-json\/wp\/v2\/product_cat?post=13867"},{"taxonomy":"product_tag","embeddable":true,"href":"https:\/\/antika-lipovec.si\/en\/wp-json\/wp\/v2\/product_tag?post=13867"}],"curies":[{"name":"wp","href":"https:\/\/api.w.org\/{rel}","templated":true}]}}