{"id":13636,"date":"2025-04-29T10:16:33","date_gmt":"2025-04-29T10:16:33","guid":{"rendered":"https:\/\/antika-lipovec.si\/trgovina\/uncategorized\/lic-dorde-virtual-musician-oil-on-canvas\/"},"modified":"2025-04-29T10:16:33","modified_gmt":"2025-04-29T10:16:33","slug":"lic-dorde-virtual-musician-oil-on-canvas","status":"publish","type":"product","link":"https:\/\/antika-lipovec.si\/en\/trgovina\/affordable-purchases\/lic-dorde-virtual-musician-oil-on-canvas\/","title":{"rendered":"li\u0107 Dor\u0111e, Virtual Musician, oil on canvas"},"content":{"rendered":"<p>li\u0107 Dor\u0111e, Virtual Musician, oil on canvas, signed and dated lower right, 1993, dimensions: 89 x 130 cm. The painting is listed in the monograph on page 147 (Marinkovi\u0107 Nada, Todi\u0107 Milanka, 2003, Faculty of Architecture Belgrade). Ili\u0107 is one of the top contemporary Serbian painters.<\/p>\n<p>\u0110or\u0111e Ili\u0107 (Strumica 1920-Belgrade, 2010) Serbian academic painter, pedagogue and professor. He graduated from the Academy of Fine Arts in Belgrade, under Professor Nedeljko Gvozdenovi\u0107. In 1975 he was elected full professor at the Faculty of Architecture in Belgrade, and retired in 1984. \u0110or\u0111e Ili\u0107 died on 19 August 2010, at his home in Belgrade.<\/p>\n","protected":false},"excerpt":{"rendered":"<p>li\u0107 Dor\u0111e, Virtual Musician, oil on canvas<\/p>\n","protected":false},"featured_media":13599,"template":"","meta":{"_et_pb_use_builder":"","_et_pb_old_content":"","_et_gb_content_width":""},"product_brand":[],"product_cat":[127],"product_tag":[445],"class_list":{"0":"post-13636","1":"product","2":"type-product","3":"status-publish","4":"has-post-thumbnail","6":"product_cat-ugodni-nakupi","7":"product_tag-ilic-dorde-en","8":"product_shipping_class-vecji-predmeti-en","10":"first","11":"instock","12":"sale","13":"shipping-taxable","14":"purchasable","15":"product-type-simple"},"_links":{"self":[{"href":"https:\/\/antika-lipovec.si\/en\/wp-json\/wp\/v2\/product\/13636","targetHints":{"allow":["GET"]}}],"collection":[{"href":"https:\/\/antika-lipovec.si\/en\/wp-json\/wp\/v2\/product"}],"about":[{"href":"https:\/\/antika-lipovec.si\/en\/wp-json\/wp\/v2\/types\/product"}],"wp:featuredmedia":[{"embeddable":true,"href":"https:\/\/antika-lipovec.si\/en\/wp-json\/wp\/v2\/media\/13599"}],"wp:attachment":[{"href":"https:\/\/antika-lipovec.si\/en\/wp-json\/wp\/v2\/media?parent=13636"}],"wp:term":[{"taxonomy":"product_brand","embeddable":true,"href":"https:\/\/antika-lipovec.si\/en\/wp-json\/wp\/v2\/product_brand?post=13636"},{"taxonomy":"product_cat","embeddable":true,"href":"https:\/\/antika-lipovec.si\/en\/wp-json\/wp\/v2\/product_cat?post=13636"},{"taxonomy":"product_tag","embeddable":true,"href":"https:\/\/antika-lipovec.si\/en\/wp-json\/wp\/v2\/product_tag?post=13636"}],"curies":[{"name":"wp","href":"https:\/\/api.w.org\/{rel}","templated":true}]}}