{"id":13554,"date":"2025-03-27T11:50:24","date_gmt":"2025-03-27T11:50:24","guid":{"rendered":"https:\/\/antika-lipovec.si\/?post_type=product&#038;p=13554"},"modified":"2026-01-19T11:13:23","modified_gmt":"2026-01-19T11:13:23","slug":"janez-sibila-lent","status":"publish","type":"product","link":"https:\/\/antika-lipovec.si\/en\/trgovina\/works-of-art\/works-of-art-slovenian-artists\/janez-sibila-lent\/","title":{"rendered":"Janez \u0160ibila \/ Maribor  Lent \/ Olje na platno"},"content":{"rendered":"<p>Janez \u0160ibila, Lent, olje na platno, signirano desno spodaj. Mere: 80 x 60 cm (+ okvir 4 cm).<\/p>\n<p>Akademski slikar Janez \u0160ibila se je leta 1940 vpisal na kiparski oddelek Akademije za likovno umetnost v Zagrebu. Dve leti kasneje je za\u010del \u0161tudirati slikarstvo na akademiji na Dunaju, \u0161tudij pa  je nadaljeval na ALU v Ljubljani pri profesorjih Bo\u017eidarju Jakcu in Gojmirju Antonu Kosu. Diplomiral je leta 1948. Specialko za slikarstvo je leta 1950 opravil pri profesorju Gabrijelu Stupici. <\/p>\n<p>\u0160ibila je bil velik slikarski poet narave, s katero je bil tesno povezan \u017ee od otro\u0161kih let. Rad je slikal klasi\u010dne slikarske motive \u2013 vedute, krajine, tiho\u017eitja. Pomembno mesto v njegovi umetnosti je imela tudi \u010dlove\u0161ka figura \u2013 kot portret ali bistvena sestavina likovnega polja. Poleg oljnih barv je \u017ee od \u0161tudentskih letih uporabljal tudi akvarel. S svojim izjemnim likovnim opusom je temeljito posegel v umetni\u0161ko dogajanje svojega \u010dasa in zaznamoval slovensko moderno umetnost 20. stoletja. Ume\u0161\u010da se v tok sodobnega povojnega slikarstva.<\/p>\n","protected":false},"excerpt":{"rendered":"<p>Janez \u0160ibila, Lent, olje na platno, signirano desno spodaj. Mere: 80 x 60 cm (+ okvir 4 cm). Akademski slikar Janez \u0160ibila se je leta 1940 vpisal na kiparski oddelek Akademije za likovno umetnost v Zagrebu. Dve leti kasneje je za\u010del \u0161tudirati slikarstvo na akademiji na Dunaju, \u0161tudij pa je nadaljeval na ALU v Ljubljani [&hellip;]<\/p>\n","protected":false},"featured_media":13558,"template":"","meta":{"_et_pb_use_builder":"","_et_pb_old_content":"","_et_gb_content_width":""},"product_brand":[],"product_cat":[88,127],"product_tag":[278,440,277],"class_list":{"0":"post-13554","1":"product","2":"type-product","3":"status-publish","4":"has-post-thumbnail","6":"product_cat-umetniniska-dela-slovenskih-avtorjev","7":"product_cat-ugodni-nakupi","8":"product_tag-lent","9":"product_tag-sibila","10":"product_tag-maribor","11":"product_shipping_class-manjsi-predmeti","13":"first","14":"instock","15":"sale","16":"shipping-taxable","17":"purchasable","18":"product-type-simple"},"_links":{"self":[{"href":"https:\/\/antika-lipovec.si\/en\/wp-json\/wp\/v2\/product\/13554","targetHints":{"allow":["GET"]}}],"collection":[{"href":"https:\/\/antika-lipovec.si\/en\/wp-json\/wp\/v2\/product"}],"about":[{"href":"https:\/\/antika-lipovec.si\/en\/wp-json\/wp\/v2\/types\/product"}],"wp:featuredmedia":[{"embeddable":true,"href":"https:\/\/antika-lipovec.si\/en\/wp-json\/wp\/v2\/media\/13558"}],"wp:attachment":[{"href":"https:\/\/antika-lipovec.si\/en\/wp-json\/wp\/v2\/media?parent=13554"}],"wp:term":[{"taxonomy":"product_brand","embeddable":true,"href":"https:\/\/antika-lipovec.si\/en\/wp-json\/wp\/v2\/product_brand?post=13554"},{"taxonomy":"product_cat","embeddable":true,"href":"https:\/\/antika-lipovec.si\/en\/wp-json\/wp\/v2\/product_cat?post=13554"},{"taxonomy":"product_tag","embeddable":true,"href":"https:\/\/antika-lipovec.si\/en\/wp-json\/wp\/v2\/product_tag?post=13554"}],"curies":[{"name":"wp","href":"https:\/\/api.w.org\/{rel}","templated":true}]}}