{"id":13500,"date":"2025-03-18T10:41:18","date_gmt":"2025-03-18T10:41:18","guid":{"rendered":"https:\/\/antika-lipovec.si\/?post_type=product&#038;p=13500"},"modified":"2025-12-04T09:25:04","modified_gmt":"2025-12-04T09:25:04","slug":"josip-pisof-olje-na-vezano-plosco","status":"publish","type":"product","link":"https:\/\/antika-lipovec.si\/en\/trgovina\/works-of-art\/works-of-art-slovenian-artists\/josip-pisof-olje-na-vezano-plosco\/","title":{"rendered":"Josip Pi\u0161of \/ Olje na vezano plo\u0161\u010do"},"content":{"rendered":"<p>Josip Pi\u0161of &#8211; Cepa, Pokrajina, olje na vezano plo\u0161\u010do, leto izdelave: 1975, signirano in datirano levo spodaj, okvirjeno. Mere: 70 x 50 cm (+ okvir 7 cm).<\/p>\n<p>Josip Pi\u0161of &#8211; Cepa, slovenski slikar, * 15. junij 1911, Pragersko, \u2020 4. oktober 1986, Maribor.<br \/>\nMariborski slikar Josip Pi\u0161of, bolj znan kot Cepa, je v svojem bogatem ustvarjalnem obdobju s \u010dopi\u010di, barvami in platni prepotoval dobr\u0161en del Evrope. \u0160tudiral je na Visoki \u0161oli za likovno umetnost na Dunaju, kjer zaradi vojne \u0161tudija ni mogel dokon\u010dati. Po osvoboditvi se je ob francoskih in slovenskih impresionistih dodatno sam izobra\u017eeval. Rad je risal son\u010dnice, plesalke, Haloze, Slovenske gorice, Gorenjsko, tiho\u017eitja in predvsem mariborski Lent. <\/p>\n<p>Ob uporabi svojih najljub\u0161ih likovnih elementov ploskve in barve je slogovno ohranjal srednjo pot med realizmom in impresionizmom v slikanju z barvnimi made\u017ei, ki jih je zmerno pastozno nana\u0161al na platno s \u010dopi\u010dem in lopatico, ustvarjajo\u010d slikovit vtis brez kontur in izrazitega globinsko-prostorskega u\u010dinkovanja. V glavnini svojega opusa se je osredoto\u010dal na klasi\u010dne motive krajine, vedute, tiho\u017eitja in portreta v tehniki olja na platnu, \u010detudi se je vzporedno ukvarjal \u0161e z grafitno risbo in pastelom. Krajine in vedute je zmeraj slikal v plenerizmu, upo\u0161tevajo\u010d lokalne razpolo\u017eenjske zna\u010dilnosti Haloz, Slovenskih goric, Kozjaka, Gorenjske, Gori\u0161kih brd, ju\u017ene Primorske in celo Makedonije. Med vedutami je najve\u010d likovnih del posvetil dragemu Mariboru, ki ga je slikal ob Dravi od Lenta do Mariborskega otoka ter od Melja do Studencev, s posebnim poudarkom na starih stavbah ali urbanisti\u010dnih kompleksih, ki so na njegovo \u017ealost s\u010dasoma v celoti izginili.<\/p>\n","protected":false},"excerpt":{"rendered":"<p>Josip Pi\u0161of<\/p>\n","protected":false},"featured_media":13532,"template":"","meta":{"_et_pb_use_builder":"","_et_pb_old_content":"","_et_gb_content_width":""},"product_brand":[],"product_cat":[88,127],"product_tag":[433,434],"class_list":{"0":"post-13500","1":"product","2":"type-product","3":"status-publish","4":"has-post-thumbnail","6":"product_cat-umetniniska-dela-slovenskih-avtorjev","7":"product_cat-ugodni-nakupi","8":"product_tag-pisof","9":"product_tag-josip-pisof","10":"product_shipping_class-manjsi-predmeti","12":"first","13":"instock","14":"sale","15":"shipping-taxable","16":"purchasable","17":"product-type-simple"},"_links":{"self":[{"href":"https:\/\/antika-lipovec.si\/en\/wp-json\/wp\/v2\/product\/13500","targetHints":{"allow":["GET"]}}],"collection":[{"href":"https:\/\/antika-lipovec.si\/en\/wp-json\/wp\/v2\/product"}],"about":[{"href":"https:\/\/antika-lipovec.si\/en\/wp-json\/wp\/v2\/types\/product"}],"wp:featuredmedia":[{"embeddable":true,"href":"https:\/\/antika-lipovec.si\/en\/wp-json\/wp\/v2\/media\/13532"}],"wp:attachment":[{"href":"https:\/\/antika-lipovec.si\/en\/wp-json\/wp\/v2\/media?parent=13500"}],"wp:term":[{"taxonomy":"product_brand","embeddable":true,"href":"https:\/\/antika-lipovec.si\/en\/wp-json\/wp\/v2\/product_brand?post=13500"},{"taxonomy":"product_cat","embeddable":true,"href":"https:\/\/antika-lipovec.si\/en\/wp-json\/wp\/v2\/product_cat?post=13500"},{"taxonomy":"product_tag","embeddable":true,"href":"https:\/\/antika-lipovec.si\/en\/wp-json\/wp\/v2\/product_tag?post=13500"}],"curies":[{"name":"wp","href":"https:\/\/api.w.org\/{rel}","templated":true}]}}