{"id":13463,"date":"2025-10-16T11:08:48","date_gmt":"2025-10-16T11:08:48","guid":{"rendered":"https:\/\/antika-lipovec.si\/?post_type=product&#038;p=13463"},"modified":"2026-02-16T11:11:32","modified_gmt":"2026-02-16T11:11:32","slug":"francoski-predalnik","status":"publish","type":"product","link":"https:\/\/antika-lipovec.si\/en\/trgovina\/antiquities\/restored-furniture-and-lamps\/francoski-predalnik\/","title":{"rendered":"Francoski predalnik"},"content":{"rendered":"<p>Manj\u0161i francoski predalnik, iz konca 19. stoletja, furnir palisandra, bogato intarziran, originalni ro\u010daji iz medenine, originalna marmorna plo\u0161\u010da. Mere: 90 x 47 x 89 (v) cm. Obnovljen v na\u0161i restavratorski delavnici (ro\u010dna \u0161elak politura).  <\/p>\n","protected":false},"excerpt":{"rendered":"<p>Manj\u0161i francoski predalnik, iz konca 19. stoletja, furnir palisandra, bogato intarziran, originalni ro\u010daji iz medenine, originalna marmorna plo\u0161\u010da. Mere: 90 x 47 x 89 (v) cm. Obnovljen v na\u0161i restavratorski delavnici (ro\u010dna \u0161elak politura).<\/p>\n","protected":false},"featured_media":13464,"template":"","meta":{"_et_pb_use_builder":"","_et_pb_old_content":"","_et_gb_content_width":""},"product_brand":[],"product_cat":[414],"product_tag":[],"class_list":{"0":"post-13463","1":"product","2":"type-product","3":"status-publish","4":"has-post-thumbnail","6":"product_cat-obnovljeno-pohistvo","7":"product_shipping_class-vecji-predmeti","9":"first","10":"outofstock","11":"shipping-taxable","12":"product-type-simple"},"_links":{"self":[{"href":"https:\/\/antika-lipovec.si\/en\/wp-json\/wp\/v2\/product\/13463","targetHints":{"allow":["GET"]}}],"collection":[{"href":"https:\/\/antika-lipovec.si\/en\/wp-json\/wp\/v2\/product"}],"about":[{"href":"https:\/\/antika-lipovec.si\/en\/wp-json\/wp\/v2\/types\/product"}],"wp:featuredmedia":[{"embeddable":true,"href":"https:\/\/antika-lipovec.si\/en\/wp-json\/wp\/v2\/media\/13464"}],"wp:attachment":[{"href":"https:\/\/antika-lipovec.si\/en\/wp-json\/wp\/v2\/media?parent=13463"}],"wp:term":[{"taxonomy":"product_brand","embeddable":true,"href":"https:\/\/antika-lipovec.si\/en\/wp-json\/wp\/v2\/product_brand?post=13463"},{"taxonomy":"product_cat","embeddable":true,"href":"https:\/\/antika-lipovec.si\/en\/wp-json\/wp\/v2\/product_cat?post=13463"},{"taxonomy":"product_tag","embeddable":true,"href":"https:\/\/antika-lipovec.si\/en\/wp-json\/wp\/v2\/product_tag?post=13463"}],"curies":[{"name":"wp","href":"https:\/\/api.w.org\/{rel}","templated":true}]}}