{"id":13453,"date":"2025-02-22T09:41:46","date_gmt":"2025-02-22T09:41:46","guid":{"rendered":"https:\/\/antika-lipovec.si\/trgovina\/uncategorized\/augustincic-antun-a-boy-manekenpis\/"},"modified":"2025-03-03T10:49:00","modified_gmt":"2025-03-03T10:49:00","slug":"augustincic-antun-a-boy-manekenpis","status":"publish","type":"product","link":"https:\/\/antika-lipovec.si\/en\/trgovina\/works-of-art\/works-of-art-slovenian-artists\/augustincic-antun-a-boy-manekenpis\/","title":{"rendered":"Augustin\u010di\u0107 Antun \/ A Boy Manekenpis"},"content":{"rendered":"<p>Augustin\u010di\u0107 Antun \/ Boy having a pee (&#8220;Manekenpis&#8221;), bronze sculpture on a granite pedestal, signed A. Augustin\u010di\u0107 (below on the back of the sculpture). The sculpture is in excellent condition. Dimensions: 12 x 12 x 27 cm.<\/p>\n<p>Antun Augustin\u010di\u0107, Croatian sculptor (1900 &#8211; 1979). Along with Ivan Me\u0161trovi\u0107 and Fran Kr\u0161ini\u0107, he is one of the three most important Croatian sculptors of the 20th century. His most famous works are the Peace Monument in front of the United Nations Headquarters in New York and the Miner&#8217;s Statue in front of the International Labour Organization in Geneva.<\/p>\n<p>He graduated from the Royal Academy of Arts and Crafts in Zagreb in 1924 under the mentorship of Prof. Ivan Me\u0161trovi\u0107. He enrolled in the then College of Arts and Crafts (which was renamed the Royal Academy in 1922) in 1918 and studied with Prof. Rudolf Valdec and Robert Frange\u0161 Mihanovi\u0107. After graduating, he studied at L&#8217;Ecole des Arts decoratifs and L&#8217;Academie des Beaux-Arts in Paris with a scholarship from the French government. Augustin\u010di\u0107 is the most important representative of the so-called psychological portrait in Croatian sculpture of the 20th century. &#8230;<\/p>\n","protected":false},"excerpt":{"rendered":"<p>Augustin\u010di\u0107 Antun \/ Boy having a pee (&#8220;Manekenpis&#8221;), bronze sculpture on a granite pedestal, signed A. Augustin\u010di\u0107 (below on the back of the sculpture). The sculpture is in excellent condition. Dimensions: 12 x 12 x 27 cm. Antun Augustin\u010di\u0107, Croatian sculptor (1900 &#8211; 1979). Along with Ivan Me\u0161trovi\u0107 and Fran Kr\u0161ini\u0107, he is one of [&hellip;]<\/p>\n","protected":false},"featured_media":13433,"template":"","meta":{"_et_pb_use_builder":"","_et_pb_old_content":"","_et_gb_content_width":""},"product_brand":[],"product_cat":[88],"product_tag":[],"class_list":{"0":"post-13453","1":"product","2":"type-product","3":"status-publish","4":"has-post-thumbnail","6":"product_cat-umetniniska-dela-slovenskih-avtorjev","7":"product_shipping_class-manjsi-predmeti-en","9":"first","10":"instock","11":"shipping-taxable","12":"purchasable","13":"product-type-simple"},"_links":{"self":[{"href":"https:\/\/antika-lipovec.si\/en\/wp-json\/wp\/v2\/product\/13453","targetHints":{"allow":["GET"]}}],"collection":[{"href":"https:\/\/antika-lipovec.si\/en\/wp-json\/wp\/v2\/product"}],"about":[{"href":"https:\/\/antika-lipovec.si\/en\/wp-json\/wp\/v2\/types\/product"}],"wp:featuredmedia":[{"embeddable":true,"href":"https:\/\/antika-lipovec.si\/en\/wp-json\/wp\/v2\/media\/13433"}],"wp:attachment":[{"href":"https:\/\/antika-lipovec.si\/en\/wp-json\/wp\/v2\/media?parent=13453"}],"wp:term":[{"taxonomy":"product_brand","embeddable":true,"href":"https:\/\/antika-lipovec.si\/en\/wp-json\/wp\/v2\/product_brand?post=13453"},{"taxonomy":"product_cat","embeddable":true,"href":"https:\/\/antika-lipovec.si\/en\/wp-json\/wp\/v2\/product_cat?post=13453"},{"taxonomy":"product_tag","embeddable":true,"href":"https:\/\/antika-lipovec.si\/en\/wp-json\/wp\/v2\/product_tag?post=13453"}],"curies":[{"name":"wp","href":"https:\/\/api.w.org\/{rel}","templated":true}]}}