{"id":13317,"date":"2024-09-29T09:32:00","date_gmt":"2024-09-29T09:32:00","guid":{"rendered":"https:\/\/antika-lipovec.si\/?post_type=product&#038;p=13317"},"modified":"2025-01-20T11:12:16","modified_gmt":"2025-01-20T11:12:16","slug":"praznicni-katalog-steklarne-rogaska","status":"publish","type":"product","link":"https:\/\/antika-lipovec.si\/en\/trgovina\/other\/rogaska-crystal\/praznicni-katalog-steklarne-rogaska\/","title":{"rendered":"Prazni\u010dni katalog Steklarne Roga\u0161ka"},"content":{"rendered":"<p>Izjemne oblike, \u010darobni brusi in vrhunska kakovost kristalnega stekla&#8230;. Estetsko dovr\u0161eni in funkcionalni izdelki so priljubljena darila za vse prilo\u017enosti in <strong>so na voljo v na\u0161i prodajalni.\u00a0<\/strong> Prelistajte prazni\u010dni katalog in odkrijte \u010dudovite ideje: <a href=\"https:\/\/shorturl.at\/8HgVW\">https:\/\/shorturl.at\/8HgVW<\/a><\/p>\n","protected":false},"excerpt":{"rendered":"<p>Izjemne oblike, \u010darobni brusi in vrhunska kakovost kristalnega stekla&#8230;. Estetsko dovr\u0161eni in funkcionalni izdelki so priljubljena darila za vse prilo\u017enosti in so na voljo v na\u0161i prodajalni.\u00a0 Prelistajte prazni\u010dni katalog in odkrijte \u010dudovite ideje: https:\/\/shorturl.at\/8HgVW<\/p>\n","protected":false},"featured_media":13318,"template":"","meta":{"_et_pb_use_builder":"","_et_pb_old_content":"","_et_gb_content_width":""},"product_brand":[],"product_cat":[122],"product_tag":[],"class_list":{"0":"post-13317","1":"product","2":"type-product","3":"status-publish","4":"has-post-thumbnail","6":"product_cat-kristal-steklarne-rogaska","8":"first","9":"instock","10":"shipping-taxable","11":"product-type-simple"},"_links":{"self":[{"href":"https:\/\/antika-lipovec.si\/en\/wp-json\/wp\/v2\/product\/13317","targetHints":{"allow":["GET"]}}],"collection":[{"href":"https:\/\/antika-lipovec.si\/en\/wp-json\/wp\/v2\/product"}],"about":[{"href":"https:\/\/antika-lipovec.si\/en\/wp-json\/wp\/v2\/types\/product"}],"wp:featuredmedia":[{"embeddable":true,"href":"https:\/\/antika-lipovec.si\/en\/wp-json\/wp\/v2\/media\/13318"}],"wp:attachment":[{"href":"https:\/\/antika-lipovec.si\/en\/wp-json\/wp\/v2\/media?parent=13317"}],"wp:term":[{"taxonomy":"product_brand","embeddable":true,"href":"https:\/\/antika-lipovec.si\/en\/wp-json\/wp\/v2\/product_brand?post=13317"},{"taxonomy":"product_cat","embeddable":true,"href":"https:\/\/antika-lipovec.si\/en\/wp-json\/wp\/v2\/product_cat?post=13317"},{"taxonomy":"product_tag","embeddable":true,"href":"https:\/\/antika-lipovec.si\/en\/wp-json\/wp\/v2\/product_tag?post=13317"}],"curies":[{"name":"wp","href":"https:\/\/api.w.org\/{rel}","templated":true}]}}