{"id":13307,"date":"2024-11-28T10:34:44","date_gmt":"2024-11-28T10:34:44","guid":{"rendered":"https:\/\/antika-lipovec.si\/?post_type=product&#038;p=13307"},"modified":"2026-02-16T11:36:05","modified_gmt":"2026-02-16T11:36:05","slug":"francoski-lestenec-art-nouveau-3","status":"publish","type":"product","link":"https:\/\/antika-lipovec.si\/en\/trgovina\/antiquities\/restored-furniture-and-lamps\/francoski-lestenec-art-nouveau-3\/","title":{"rendered":"Francoski lestenec, Art Nouveau"},"content":{"rendered":"<p>Francoski lestenec, iz 30-ih let 20. stoletja, izdelan v stilu ArtDeco, iz medenine in barvnega, reliefnega stekla. Mere: premer 38 cm, vi\u0161ina: 90 cm (se lahko zni\u017ea).<\/p>\n<p>Art d\u00e9co (okraj\u0161ava za francosko art d\u00e9coratif &#8211; &#8216;dekorativna umetnost&#8217;) je bilo gibanje v zgodovini oblikovanja med letoma 1920 pa do 1940, ki je vklju\u010devalo oblikovanje predmetov na vseh podro\u010djih \u017eivljenja, kot so arhitektura, pohi\u0161tvo, avtomobile, obla\u010dila moda, nakit ali potro\u0161ni\u0161ko blago. Art d\u00e9co je v \u010dasu razvoja veljal za ultra moderen slog, pa vendar je \u010drpal navdih tudi iz antike. Umetniki in oblikovalci so kombinirali stare motive z industrijskimi in geometrijskimi oblikami, z ble\u0161\u010de\u010dimi tkaninami, ogledali, srebrnimi, zlatimi ter kromiranimi okvirji, in podobno.<\/p>\n","protected":false},"excerpt":{"rendered":"<p>Francoski lestenec, iz 30-ih let 20. stoletja, izdelan v stilu ArtDeco, iz medenine in barvnega, reliefnega stekla. Mere: premer 38 cm, vi\u0161ina: 90 cm (se lahko zni\u017ea). Art d\u00e9co (okraj\u0161ava za francosko art d\u00e9coratif &#8211; &#8216;dekorativna umetnost&#8217;) je bilo gibanje v zgodovini oblikovanja med letoma 1920 pa do 1940, ki je vklju\u010devalo oblikovanje predmetov na [&hellip;]<\/p>\n","protected":false},"featured_media":13311,"template":"","meta":{"_et_pb_use_builder":"","_et_pb_old_content":"","_et_gb_content_width":""},"product_brand":[],"product_cat":[414],"product_tag":[],"class_list":{"0":"post-13307","1":"product","2":"type-product","3":"status-publish","4":"has-post-thumbnail","6":"product_cat-obnovljeno-pohistvo","7":"product_shipping_class-manjsi-predmeti","9":"first","10":"instock","11":"shipping-taxable","12":"purchasable","13":"product-type-simple"},"_links":{"self":[{"href":"https:\/\/antika-lipovec.si\/en\/wp-json\/wp\/v2\/product\/13307","targetHints":{"allow":["GET"]}}],"collection":[{"href":"https:\/\/antika-lipovec.si\/en\/wp-json\/wp\/v2\/product"}],"about":[{"href":"https:\/\/antika-lipovec.si\/en\/wp-json\/wp\/v2\/types\/product"}],"wp:featuredmedia":[{"embeddable":true,"href":"https:\/\/antika-lipovec.si\/en\/wp-json\/wp\/v2\/media\/13311"}],"wp:attachment":[{"href":"https:\/\/antika-lipovec.si\/en\/wp-json\/wp\/v2\/media?parent=13307"}],"wp:term":[{"taxonomy":"product_brand","embeddable":true,"href":"https:\/\/antika-lipovec.si\/en\/wp-json\/wp\/v2\/product_brand?post=13307"},{"taxonomy":"product_cat","embeddable":true,"href":"https:\/\/antika-lipovec.si\/en\/wp-json\/wp\/v2\/product_cat?post=13307"},{"taxonomy":"product_tag","embeddable":true,"href":"https:\/\/antika-lipovec.si\/en\/wp-json\/wp\/v2\/product_tag?post=13307"}],"curies":[{"name":"wp","href":"https:\/\/api.w.org\/{rel}","templated":true}]}}