{"id":13112,"date":"2024-08-10T09:53:37","date_gmt":"2024-08-10T09:53:37","guid":{"rendered":"https:\/\/antika-lipovec.si\/trgovina\/uncategorized\/ivan-stefanek-winter-oil-on-glass\/"},"modified":"2024-10-16T09:53:37","modified_gmt":"2024-10-16T09:53:37","slug":"ivan-stefanek-winter-oil-on-glass","status":"publish","type":"product","link":"https:\/\/antika-lipovec.si\/en\/trgovina\/works-of-art\/naive-fine-art\/ivan-stefanek-winter-oil-on-glass\/","title":{"rendered":"Ivan \u0160tefanek, Winter, oil on glass"},"content":{"rendered":"<p>Ivan \u0160tefanek, Winter, oil on glass, 1986, signed and dated lower right, framed, dimensions: 50 x 44 cm<\/p>\n<p>IVAN \u0160TEFANEK, painter of idyllic landscapes&#8230; He was born on March 30, 1942, in Zagorje, Croatia. He has been painting since 1965. He started painting on hardboard and canvas, but when he saw Ivan Generali\u0107&#8217;s paintings for the first time, he decided to use glass. He was coached by Ivan Lackovi\u0107-Croata and Dragan Ga\u017ei. He had several solo and more than a hundred group exhibitions at home and abroad. Ivan \u0160tefanek is a painter who belongs to the circle of the Hlebin school, but differs in many ways in his expression. This peculiarity is most evident in the colors, which are different from those of the Podravina painters (they are closer to those of Rabuzin) and in the sharp strokes of the brush. Thematically it is very diverse, and the color harmony speaks of a painter in love with the nature that surrounds him and offers all its playfulness, but his main subjects are landscapes with water, birds and other animals. A picture of a landscape that almost no longer exists. Ivan \u0160tefanek created his own style and is known to lovers of the naive as a painter of idyllic landscapes. In his paintings, it is as if the earthly paradise has returned again.<\/p>\n","protected":false},"excerpt":{"rendered":"<p>Ivan \u0160tefanek, Winter, oil on glass<\/p>\n","protected":false},"featured_media":13109,"template":"","meta":{"_et_pb_use_builder":"","_et_pb_old_content":"","_et_gb_content_width":""},"product_brand":[],"product_cat":[216],"product_tag":[],"class_list":{"0":"post-13112","1":"product","2":"type-product","3":"status-publish","4":"has-post-thumbnail","6":"product_cat-naive-fine-art","7":"product_shipping_class-manjsi-predmeti-en","9":"first","10":"instock","11":"sale","12":"shipping-taxable","13":"purchasable","14":"product-type-simple"},"_links":{"self":[{"href":"https:\/\/antika-lipovec.si\/en\/wp-json\/wp\/v2\/product\/13112","targetHints":{"allow":["GET"]}}],"collection":[{"href":"https:\/\/antika-lipovec.si\/en\/wp-json\/wp\/v2\/product"}],"about":[{"href":"https:\/\/antika-lipovec.si\/en\/wp-json\/wp\/v2\/types\/product"}],"wp:featuredmedia":[{"embeddable":true,"href":"https:\/\/antika-lipovec.si\/en\/wp-json\/wp\/v2\/media\/13109"}],"wp:attachment":[{"href":"https:\/\/antika-lipovec.si\/en\/wp-json\/wp\/v2\/media?parent=13112"}],"wp:term":[{"taxonomy":"product_brand","embeddable":true,"href":"https:\/\/antika-lipovec.si\/en\/wp-json\/wp\/v2\/product_brand?post=13112"},{"taxonomy":"product_cat","embeddable":true,"href":"https:\/\/antika-lipovec.si\/en\/wp-json\/wp\/v2\/product_cat?post=13112"},{"taxonomy":"product_tag","embeddable":true,"href":"https:\/\/antika-lipovec.si\/en\/wp-json\/wp\/v2\/product_tag?post=13112"}],"curies":[{"name":"wp","href":"https:\/\/api.w.org\/{rel}","templated":true}]}}