{"id":13097,"date":"2024-08-10T09:44:22","date_gmt":"2024-08-10T09:44:22","guid":{"rendered":"https:\/\/antika-lipovec.si\/?post_type=product&#038;p=13097"},"modified":"2026-02-16T11:37:36","modified_gmt":"2026-02-16T11:37:36","slug":"ivan-stefanek-poletje-olje-na-steklo-naiva","status":"publish","type":"product","link":"https:\/\/antika-lipovec.si\/en\/trgovina\/works-of-art\/naive-fine-art\/ivan-stefanek-poletje-olje-na-steklo-naiva\/","title":{"rendered":"Ivan \u0160tefanek \/ Poletje \/ Olje na steklo \/ Naiva"},"content":{"rendered":"<p>Ivan \u0160tefanek, Poletje, olje na steklo, l.1993, signirano in datirano desno spodaj, okvirjena, mere: 50 x 45 cm (+ okvir 15 cm).<\/p>\n<p>IVAN \u0160TEFANEK, slikar idili\u010dnih krajin &#8230; Rodil se je 30. marca 1942, v Hrva\u0161kem Zagorju. S slikanjem se ukvarja od leta 1965. Za\u010del je slikati na lesonit in platno, ko pa je prvi\u010d videl slike Ivana Generali\u0107a, se je odlo\u010dil za steklo. In\u0161truirala sta ga Ivan Lackovi\u0107-Croata in Dragan Ga\u017ei. Imel je ve\u010d samostojnih in ve\u010d kot sto skupinskih razstav doma in v tujini. Ivan \u0160tefanek je slikar, ki sodi v krog hlebinske \u0161ole, vendar se v svojem izrazu v marsi\u010dem razlikuje. Ta posebnost se najbolj ka\u017ee v barvah, ki so druga\u010dne od podravskih slikarjev (bli\u017eje so Rabuzinovim) in v ostrih potezah \u010dopi\u010da. Tematsko je zelo raznolika, barvna harmonija pa govori o slikarju, zaljubljenem v naravo, ki ga obdaja, in ponuja vso njeno igrivost, vendar so njegove glavne teme pokrajine z vodo, pticami in drugimi \u017eivalmi. Slika pokrajine, ki skorajda ne obstajajo ve\u010d. Ivan \u0160tefanek je ustvaril svoj slog in je ljubiteljem naive poznan kot slikar idili\u010dnih krajin. Na njegovih slikah je kot da se je spet vrnil zemeljski raj.<\/p>\n","protected":false},"excerpt":{"rendered":"<p>Ivan \u0160tefanek, olje na steklo<\/p>\n","protected":false},"featured_media":13098,"template":"","meta":{"_et_pb_use_builder":"","_et_pb_old_content":"","_et_gb_content_width":""},"product_brand":[],"product_cat":[202],"product_tag":[],"class_list":{"0":"post-13097","1":"product","2":"type-product","3":"status-publish","4":"has-post-thumbnail","6":"product_cat-naivna-likovna-umetnost","7":"product_shipping_class-manjsi-predmeti","9":"first","10":"instock","11":"sale","12":"shipping-taxable","13":"purchasable","14":"product-type-simple"},"_links":{"self":[{"href":"https:\/\/antika-lipovec.si\/en\/wp-json\/wp\/v2\/product\/13097","targetHints":{"allow":["GET"]}}],"collection":[{"href":"https:\/\/antika-lipovec.si\/en\/wp-json\/wp\/v2\/product"}],"about":[{"href":"https:\/\/antika-lipovec.si\/en\/wp-json\/wp\/v2\/types\/product"}],"wp:featuredmedia":[{"embeddable":true,"href":"https:\/\/antika-lipovec.si\/en\/wp-json\/wp\/v2\/media\/13098"}],"wp:attachment":[{"href":"https:\/\/antika-lipovec.si\/en\/wp-json\/wp\/v2\/media?parent=13097"}],"wp:term":[{"taxonomy":"product_brand","embeddable":true,"href":"https:\/\/antika-lipovec.si\/en\/wp-json\/wp\/v2\/product_brand?post=13097"},{"taxonomy":"product_cat","embeddable":true,"href":"https:\/\/antika-lipovec.si\/en\/wp-json\/wp\/v2\/product_cat?post=13097"},{"taxonomy":"product_tag","embeddable":true,"href":"https:\/\/antika-lipovec.si\/en\/wp-json\/wp\/v2\/product_tag?post=13097"}],"curies":[{"name":"wp","href":"https:\/\/api.w.org\/{rel}","templated":true}]}}