{"id":12712,"date":"2024-05-23T09:02:52","date_gmt":"2024-05-23T09:02:52","guid":{"rendered":"https:\/\/antika-lipovec.si\/?post_type=product&#038;p=12712"},"modified":"2025-12-04T09:45:30","modified_gmt":"2025-12-04T09:45:30","slug":"france-mihelic-pust","status":"publish","type":"product","link":"https:\/\/antika-lipovec.si\/en\/trgovina\/works-of-art\/works-of-art-slovenian-artists\/france-mihelic-pust\/","title":{"rendered":"France Miheli\u010d \/ Pust"},"content":{"rendered":"<p>France Miheli\u010d \/ Pust, grafika E.A., signirano desno spodaj, okvirjena,  dimenzije lista: 35 x 26, okvirjena: 51 x 42 cm. <\/p>\n<p>France Miheli\u010d, slovenski slikar, grafik in ilustrator, * 27. april 1907, Virma\u0161e pri \u0160kofji Loki, \u2020 1. avgust 1998, Ljubljana.<\/p>\n<p>France Miheli\u010d je \u0161tudiral na Akademiji likovnih umetnosti v Zagrebu, kjer je \u0161tudiral slikarstvo v letih 1927-31. Po zaklju\u010dku \u0161tudija je delal kot u\u010ditelj likovnega pouka v Kru\u0161evcu in kasneje na Ptuju.<\/p>\n<p>Med vojno se je pridru\u017eil partizanom. Ve\u010dino \u010dasa je pre\u017eivel na Dolenjskem in v Beli krajini. Udele\u017eil se je Zbora odposlancev slovenskega naroda v Ko\u010devju leta 1943. Po koncu vojne je bil med vodilnimi profesorji na likovni akademiji v Ljubljani. Uveljavil se je kot znan slikar in grafik. Med leti 1945 in 1970 je bil redni profesor na Akademiji za upodabljalo\u010de umetnosti oz. ALU v Ljubljani. Leta 1965 je bil izvoljen za rednega \u010dlana v razredu za umetnosti SAZU; bil je tudi \u010dastni \u010dlan umetnostne akademije v Firencah. <\/p>\n<p>Nagrade<\/p>\n<p>    Pre\u0161ernova nagrada 1949 za deli Kolona v snegu, Va\u0161ka je\u010da<br \/>\n    Levstikova nagrada 1949 za ilustracije v knjigi Pre\u017eihovega Voranca Solzice<br \/>\n    Levstikova nagrada 1951 za ilustracije v knjigi Frana Levstika Najdihojca<br \/>\n    Levstikova nagrada 1952 za ilustracije v knjigi Franceta Bevka Pestrna<br \/>\n    Pre\u0161ernova nagrada 1955 za grafi\u010dni opus<br \/>\n    Levstikova nagrada 1956 za ilustracije v knjigi Mire Miheli\u010d \u0160tirje letni \u010dasi<br \/>\n    Pre\u0161ernova nagrada 1965 za umetni\u0161ko dovr\u0161eno idejno zasnovo figurali\u010dnega in scenskega inventarja, namenjenega lutkovni uprizoritvi Maeterlinckove Sinje ptice.<br \/>\n    Nagrada za grafiko \u00bbRenato Carrain\u00ab na XXVII. bienalu v Benetkah (1954)<br \/>\n    nagrada AVNOJ-a (1970)<br \/>\n    Jakopi\u010deva nagrada (1978)<br \/>\n    zaslu\u017eni profesor ljubljanske univerze (1979)<br \/>\n    zlati \u010dastni znak svobode RS (1996)<\/p>\n","protected":false},"excerpt":{"rendered":"<p>France Miheli\u010d \/ Pust \/ grafika<\/p>\n","protected":false},"featured_media":12713,"template":"","meta":{"_et_pb_use_builder":"","_et_pb_old_content":"","_et_gb_content_width":""},"product_brand":[],"product_cat":[88],"product_tag":[],"class_list":{"0":"post-12712","1":"product","2":"type-product","3":"status-publish","4":"has-post-thumbnail","6":"product_cat-umetniniska-dela-slovenskih-avtorjev","7":"product_shipping_class-manjsi-predmeti","9":"first","10":"instock","11":"shipping-taxable","12":"purchasable","13":"product-type-simple"},"_links":{"self":[{"href":"https:\/\/antika-lipovec.si\/en\/wp-json\/wp\/v2\/product\/12712","targetHints":{"allow":["GET"]}}],"collection":[{"href":"https:\/\/antika-lipovec.si\/en\/wp-json\/wp\/v2\/product"}],"about":[{"href":"https:\/\/antika-lipovec.si\/en\/wp-json\/wp\/v2\/types\/product"}],"wp:featuredmedia":[{"embeddable":true,"href":"https:\/\/antika-lipovec.si\/en\/wp-json\/wp\/v2\/media\/12713"}],"wp:attachment":[{"href":"https:\/\/antika-lipovec.si\/en\/wp-json\/wp\/v2\/media?parent=12712"}],"wp:term":[{"taxonomy":"product_brand","embeddable":true,"href":"https:\/\/antika-lipovec.si\/en\/wp-json\/wp\/v2\/product_brand?post=12712"},{"taxonomy":"product_cat","embeddable":true,"href":"https:\/\/antika-lipovec.si\/en\/wp-json\/wp\/v2\/product_cat?post=12712"},{"taxonomy":"product_tag","embeddable":true,"href":"https:\/\/antika-lipovec.si\/en\/wp-json\/wp\/v2\/product_tag?post=12712"}],"curies":[{"name":"wp","href":"https:\/\/api.w.org\/{rel}","templated":true}]}}