{"id":12114,"date":"2024-06-11T10:01:24","date_gmt":"2024-06-11T10:01:24","guid":{"rendered":"https:\/\/antika-lipovec.si\/trgovina\/uncategorized\/france-gorse-pieta\/"},"modified":"2023-10-11T10:01:24","modified_gmt":"2023-10-11T10:01:24","slug":"france-gorse-pieta","status":"publish","type":"product","link":"https:\/\/antika-lipovec.si\/en\/trgovina\/works-of-art\/works-of-art-slovenian-artists\/france-gorse-pieta\/","title":{"rendered":"France Gor\u0161e: Pieta"},"content":{"rendered":"<p>France Gor\u0161e (1897 &#8211; 1986): Pieta, bronze, signed, dimensions: 17 x 12 x 21 (h) cm. F. Gor\u0161e is one of the most important representatives of Slovenian modernist sculpture.<\/p>\n","protected":false},"excerpt":{"rendered":"<p>France Gor\u0161e (1897 &#8211; 1986): Pieta, bronze, signed, dimensions: 17 x 12 x 21 (h) cm. F. Gor\u0161e is one of the most important representatives of Slovenian modernist sculpture.<\/p>\n","protected":false},"featured_media":12106,"template":"","meta":{"_et_pb_use_builder":"","_et_pb_old_content":"","_et_gb_content_width":""},"product_brand":[],"product_cat":[89,127],"product_tag":[],"class_list":{"0":"post-12114","1":"product","2":"type-product","3":"status-publish","4":"has-post-thumbnail","6":"product_cat-works-of-art-slovenian-artists","7":"product_cat-ugodni-nakupi","8":"product_shipping_class-manjsi-predmeti-en","10":"first","11":"instock","12":"sale","13":"shipping-taxable","14":"purchasable","15":"product-type-simple"},"_links":{"self":[{"href":"https:\/\/antika-lipovec.si\/en\/wp-json\/wp\/v2\/product\/12114","targetHints":{"allow":["GET"]}}],"collection":[{"href":"https:\/\/antika-lipovec.si\/en\/wp-json\/wp\/v2\/product"}],"about":[{"href":"https:\/\/antika-lipovec.si\/en\/wp-json\/wp\/v2\/types\/product"}],"wp:featuredmedia":[{"embeddable":true,"href":"https:\/\/antika-lipovec.si\/en\/wp-json\/wp\/v2\/media\/12106"}],"wp:attachment":[{"href":"https:\/\/antika-lipovec.si\/en\/wp-json\/wp\/v2\/media?parent=12114"}],"wp:term":[{"taxonomy":"product_brand","embeddable":true,"href":"https:\/\/antika-lipovec.si\/en\/wp-json\/wp\/v2\/product_brand?post=12114"},{"taxonomy":"product_cat","embeddable":true,"href":"https:\/\/antika-lipovec.si\/en\/wp-json\/wp\/v2\/product_cat?post=12114"},{"taxonomy":"product_tag","embeddable":true,"href":"https:\/\/antika-lipovec.si\/en\/wp-json\/wp\/v2\/product_tag?post=12114"}],"curies":[{"name":"wp","href":"https:\/\/api.w.org\/{rel}","templated":true}]}}