{"id":11305,"date":"2022-05-25T08:37:28","date_gmt":"2022-05-25T08:37:28","guid":{"rendered":"https:\/\/antika-lipovec.si\/trgovina\/uncategorized\/franjo-filipovic-childbirth-oil-on-glass\/"},"modified":"2022-05-25T08:37:28","modified_gmt":"2022-05-25T08:37:28","slug":"franjo-filipovic-childbirth-oil-on-glass","status":"publish","type":"product","link":"https:\/\/antika-lipovec.si\/en\/trgovina\/works-of-art\/naive-fine-art\/franjo-filipovic-childbirth-oil-on-glass\/","title":{"rendered":"Franjo Filipovi\u0107: Childbirth, oil on glass"},"content":{"rendered":"<p>Franjo Filipovi\u0107 (Hlebine, 1930 &#8211; 2009): Childbirth, oil on glass, l. 1968, on the back the inscription &#8220;Slikar seljak, Franjo Filipovi\u0107, Rodilja, Hlebine, 1968&#8221;, dimensions: 42 x 33 cm, dimensions with frame: 50 x 41 cm.<\/p>\n<p>F. Filipovi\u0107 is one of the most important representatives of the second generation of the Hlebinsk School and a member of the &#8220;Zemlja&#8221; group (together with painters: Krsto Hegedu\u0161i\u010d, Franjo Mraz, Mirko Virius, Ivan Generali\u010d). He participated in hundreds of joint exhibitions in Croatia and around the world (London, Edinburgh, Moscow, Vienna, Buenos Aires&#8230;). His paintings can be found in many public collections, galleries and museums.<\/p>\n","protected":false},"excerpt":{"rendered":"<p>Franjo Filipovi\u0107 (Hlebine, 1930 &#8211; 2009): Childbirth, oil on glass, l. 1968, on the back the inscription &#8220;Slikar seljak, Franjo Filipovi\u0107, Rodilja, Hlebine, 1968&#8221;, dimensions: 42 x 33 cm, dimensions with frame: 50 x 41 cm. F. Filipovi\u0107 is one of the most important representatives of the second generation of the Hlebinsk School and a [&hellip;]<\/p>\n","protected":false},"featured_media":8365,"template":"","meta":{"_et_pb_use_builder":"","_et_pb_old_content":"","_et_gb_content_width":""},"product_brand":[],"product_cat":[216,127],"product_tag":[],"class_list":{"0":"post-11305","1":"product","2":"type-product","3":"status-publish","4":"has-post-thumbnail","6":"product_cat-naive-fine-art","7":"product_cat-ugodni-nakupi","8":"product_shipping_class-manjsi-predmeti-en","10":"first","11":"instock","12":"sale","13":"shipping-taxable","14":"purchasable","15":"product-type-simple"},"_links":{"self":[{"href":"https:\/\/antika-lipovec.si\/en\/wp-json\/wp\/v2\/product\/11305","targetHints":{"allow":["GET"]}}],"collection":[{"href":"https:\/\/antika-lipovec.si\/en\/wp-json\/wp\/v2\/product"}],"about":[{"href":"https:\/\/antika-lipovec.si\/en\/wp-json\/wp\/v2\/types\/product"}],"wp:featuredmedia":[{"embeddable":true,"href":"https:\/\/antika-lipovec.si\/en\/wp-json\/wp\/v2\/media\/8365"}],"wp:attachment":[{"href":"https:\/\/antika-lipovec.si\/en\/wp-json\/wp\/v2\/media?parent=11305"}],"wp:term":[{"taxonomy":"product_brand","embeddable":true,"href":"https:\/\/antika-lipovec.si\/en\/wp-json\/wp\/v2\/product_brand?post=11305"},{"taxonomy":"product_cat","embeddable":true,"href":"https:\/\/antika-lipovec.si\/en\/wp-json\/wp\/v2\/product_cat?post=11305"},{"taxonomy":"product_tag","embeddable":true,"href":"https:\/\/antika-lipovec.si\/en\/wp-json\/wp\/v2\/product_tag?post=11305"}],"curies":[{"name":"wp","href":"https:\/\/api.w.org\/{rel}","templated":true}]}}