{"id":11302,"date":"2022-05-25T08:41:43","date_gmt":"2022-05-25T08:41:43","guid":{"rendered":"https:\/\/antika-lipovec.si\/trgovina\/uncategorized\/dragutin-kovacic-cabbage-harvesting-oil-on-glass\/"},"modified":"2022-05-25T08:41:43","modified_gmt":"2022-05-25T08:41:43","slug":"dragutin-kovacic-cabbage-harvesting-oil-on-glass","status":"publish","type":"product","link":"https:\/\/antika-lipovec.si\/en\/trgovina\/works-of-art\/naive-fine-art\/dragutin-kovacic-cabbage-harvesting-oil-on-glass\/","title":{"rendered":"Dragutin Kova\u010di\u0107: Cabbage harvesting, oil on glass"},"content":{"rendered":"<p>Dragutin Kova\u010di\u0107 (1955 &#8211; ): Cabbage harvesting, oil on glass, signed, dimensions: 27 x 21 cm, dimensions with frame: 31 x 37 cm.<\/p>\n","protected":false},"excerpt":{"rendered":"<p>Dragutin Kova\u010di\u0107 (1955 &#8211; ): Cabbage harvesting, oil on glass, signed, dimensions: 27 x 21 cm, dimensions with frame: 31 x 37 cm.<\/p>\n","protected":false},"featured_media":8409,"template":"","meta":{"_et_pb_use_builder":"","_et_pb_old_content":"","_et_gb_content_width":""},"product_brand":[],"product_cat":[216,88],"product_tag":[352],"class_list":{"0":"post-11302","1":"product","2":"type-product","3":"status-publish","4":"has-post-thumbnail","6":"product_cat-naive-fine-art","7":"product_cat-umetniniska-dela-slovenskih-avtorjev","8":"product_tag-dragutin-kovacic-en","9":"product_shipping_class-manjsi-predmeti-en","11":"first","12":"instock","13":"sale","14":"shipping-taxable","15":"purchasable","16":"product-type-simple"},"_links":{"self":[{"href":"https:\/\/antika-lipovec.si\/en\/wp-json\/wp\/v2\/product\/11302","targetHints":{"allow":["GET"]}}],"collection":[{"href":"https:\/\/antika-lipovec.si\/en\/wp-json\/wp\/v2\/product"}],"about":[{"href":"https:\/\/antika-lipovec.si\/en\/wp-json\/wp\/v2\/types\/product"}],"wp:featuredmedia":[{"embeddable":true,"href":"https:\/\/antika-lipovec.si\/en\/wp-json\/wp\/v2\/media\/8409"}],"wp:attachment":[{"href":"https:\/\/antika-lipovec.si\/en\/wp-json\/wp\/v2\/media?parent=11302"}],"wp:term":[{"taxonomy":"product_brand","embeddable":true,"href":"https:\/\/antika-lipovec.si\/en\/wp-json\/wp\/v2\/product_brand?post=11302"},{"taxonomy":"product_cat","embeddable":true,"href":"https:\/\/antika-lipovec.si\/en\/wp-json\/wp\/v2\/product_cat?post=11302"},{"taxonomy":"product_tag","embeddable":true,"href":"https:\/\/antika-lipovec.si\/en\/wp-json\/wp\/v2\/product_tag?post=11302"}],"curies":[{"name":"wp","href":"https:\/\/api.w.org\/{rel}","templated":true}]}}