{"id":11291,"date":"2022-05-25T09:13:19","date_gmt":"2022-05-25T09:13:19","guid":{"rendered":"https:\/\/antika-lipovec.si\/trgovina\/uncategorized\/dragutin-kovacic-swineherd\/"},"modified":"2022-05-25T09:13:19","modified_gmt":"2022-05-25T09:13:19","slug":"dragutin-kovacic-swineherd","status":"publish","type":"product","link":"https:\/\/antika-lipovec.si\/en\/trgovina\/works-of-art\/naive-fine-art\/dragutin-kovacic-swineherd\/","title":{"rendered":"Dragutin Kova\u010di\u0107: Swineherd"},"content":{"rendered":"<p>Dragutin Kova\u010di\u0107 (1955 &#8211; ): Swineherd, oil on glass, signed, l 1987. Dimensions: 34 x 32 cm, dimensions with frame: 44 x 40 cm.<\/p>\n","protected":false},"excerpt":{"rendered":"<p>Dragutin Kova\u010di\u0107 (1955 &#8211; ): Swineherd, oil on glass, signed, l 1987. Dimensions: 34 x 32 cm, dimensions with frame: 44 x 40 cm.<\/p>\n","protected":false},"featured_media":8412,"template":"","meta":{"_et_pb_use_builder":"","_et_pb_old_content":"","_et_gb_content_width":""},"product_brand":[],"product_cat":[216,127],"product_tag":[352],"class_list":{"0":"post-11291","1":"product","2":"type-product","3":"status-publish","4":"has-post-thumbnail","6":"product_cat-naive-fine-art","7":"product_cat-ugodni-nakupi","8":"product_tag-dragutin-kovacic-en","9":"product_shipping_class-manjsi-predmeti-en","11":"first","12":"instock","13":"sale","14":"shipping-taxable","15":"purchasable","16":"product-type-simple"},"_links":{"self":[{"href":"https:\/\/antika-lipovec.si\/en\/wp-json\/wp\/v2\/product\/11291","targetHints":{"allow":["GET"]}}],"collection":[{"href":"https:\/\/antika-lipovec.si\/en\/wp-json\/wp\/v2\/product"}],"about":[{"href":"https:\/\/antika-lipovec.si\/en\/wp-json\/wp\/v2\/types\/product"}],"wp:featuredmedia":[{"embeddable":true,"href":"https:\/\/antika-lipovec.si\/en\/wp-json\/wp\/v2\/media\/8412"}],"wp:attachment":[{"href":"https:\/\/antika-lipovec.si\/en\/wp-json\/wp\/v2\/media?parent=11291"}],"wp:term":[{"taxonomy":"product_brand","embeddable":true,"href":"https:\/\/antika-lipovec.si\/en\/wp-json\/wp\/v2\/product_brand?post=11291"},{"taxonomy":"product_cat","embeddable":true,"href":"https:\/\/antika-lipovec.si\/en\/wp-json\/wp\/v2\/product_cat?post=11291"},{"taxonomy":"product_tag","embeddable":true,"href":"https:\/\/antika-lipovec.si\/en\/wp-json\/wp\/v2\/product_tag?post=11291"}],"curies":[{"name":"wp","href":"https:\/\/api.w.org\/{rel}","templated":true}]}}