{"id":5497,"date":"2020-07-16T05:03:38","date_gmt":"2020-07-16T05:03:38","guid":{"rendered":"https:\/\/antika-lipovec.si\/privacy-policy\/"},"modified":"2020-07-16T05:03:38","modified_gmt":"2020-07-16T05:03:38","slug":"privacy-policy","status":"publish","type":"page","link":"https:\/\/antika-lipovec.si\/en\/privacy-policy\/","title":{"rendered":"Privacy policy"},"content":{"rendered":"<p data-wahfont=\"14\"><strong>Uporaba pi\u0161kotkov<\/strong><\/p>\n<p data-wahfont=\"14\">Na spletnih straneh uporabljamo pi\u0161kotke za spremljanje obiskanosti spletnih strani s ciljem izbolj\u0161anja in la\u017ejega brskanja po spletnih straneh.<\/p>\n<p data-wahfont=\"14\"><strong>Kaj je pi\u0161kotek ?<\/strong><\/p>\n<p data-wahfont=\"14\">Pi\u0161kotek je datoteka, ki shrani nastavitve spletnih strani. Prenese se preko brskalnika pri prvem obisku spletne strani in ko se naslednji\u010d vrnete na stran z istega ra\u010dunalnika, tablice ali telefona, lahko brskalnik preveri, ali je pi\u0161kotek z naslovom spletne strani shranjen.<\/p>\n<p data-wahfont=\"14\">Brskalnik uporabi podatke iz pi\u0161kotka ter jih po\u0161lje nazaj na spletno stran. To omogo\u010da spletnim stranem prepoznavanje, \u010de je uporabnik \u017ee obiskal to spletno mesto in pri naprednih aplikacijah se lahko tudi temu ustrezno prilagodijo posamezne nastavitve.<\/p>\n<p data-wahfont=\"14\"><strong>Prednosti pi\u0161kotkov<\/strong><\/p>\n<p data-wahfont=\"14\">Ob uporabi istega ra\u010dunalnika ( tablice ali telefona ) in brskalnika so pi\u0161koti zelo uporabni, saj si lahko na primer zapomnijo va\u0161e nastavitve, pomagajo nam spremljati, kako uporabljate na\u0161e strani in naredijo prikazano vsebino bolj ustrezno va\u0161im potrebam in na\u010dinu brskanja.<\/p>\n<table width=\"100%\">\n<tbody>\n<tr>\n<td width=\"20%\"><strong><em>Ime pi\u0161kotka<\/em><\/strong><\/td>\n<td width=\"46%\"><strong><em>Namen<\/em><\/strong><\/td>\n<td width=\"22%\"><strong><em>Trajanje<\/em><\/strong><\/td>\n<td width=\"6%\"><strong><em>Izvor<\/em><\/strong><\/td>\n<\/tr>\n<tr>\n<td width=\"20%\"><em>PH_HPXY_CHECK<\/em><\/td>\n<td width=\"46%\"><em>Pi\u0161kotek uporablja varnostni sistem za prepre\u010devanje brute foce napadov in ne omogo\u010da identifikacije posameznega uporabnika.<\/em><\/td>\n<td width=\"22%\"><em>Do zaprtja seje<\/em><\/td>\n<td width=\"6%\"><em>antika-lipovec.si<\/em><\/td>\n<\/tr>\n<tr>\n<td width=\"20%\">PHPSESSID<\/td>\n<td width=\"46%\">Pi\u0161kotek omogo\u010da shranjevanje sej med posameznimi zahtevami znotraj sistema za upravljanje z vsebinami.<\/td>\n<td width=\"22%\"><em>Do zaprtja seje<\/em><\/td>\n<td width=\"6%\"><em>antika-lipovec.si<\/em><\/td>\n<\/tr>\n<tr>\n<td width=\"20%\">__utma \u2026 __utmz<\/td>\n<td width=\"46%\">Pi\u0161kotki omogo\u010dajo prikaz Google zemljevidov in klju\u010dnih funkcionalnosti, vklju\u010denih v zemljevide.<\/td>\n<td width=\"22%\"><em>Do 2 leti<\/em><\/td>\n<td width=\"6%\"><em>antika-lipovec.si<\/em><\/td>\n<\/tr>\n<tr>\n<td width=\"20%\">__utma \u2026 __utmd, _ga, _gid<\/td>\n<td width=\"46%\">Pi\u0161kotke nastavi orodje Google Analytics, omogo\u010dajo pa nam, da lahko opazujemo, kako se uporabniki premikajo znotraj na\u0161ih spletnih strani.<\/td>\n<td width=\"22%\"><em>Do 2 leti<\/em><\/td>\n<td width=\"6%\"><em>antika-lipovec.si<\/em><\/td>\n<\/tr>\n<tr>\n<td width=\"20%\">cookie_notice_accepted<\/td>\n<td width=\"46%\">Pi\u0161kotek ohrani informacijo o tem, da se je obiskovalec strinjal z namestitvijo pi\u0161kotkov<\/td>\n<td width=\"22%\"><em>Do 2 leti<\/em><\/td>\n<td width=\"6%\"><em>antika-lipovec.si<\/em><\/td>\n<\/tr>\n<\/tbody>\n<\/table>\n<p data-wahfont=\"14\"><strong>Mo\u017enosti<\/strong><\/p>\n<ul>\n<li style=\"list-style-type: none;\">\n<ul>\n<li>Omogo\u010di namestitev nujnih pi\u0161kotkov ( Privzeto: vedno omogo\u010deni )<\/li>\n<li>Omogo\u010di namestitev pi\u0161kotkov za analitiko ( Privzeto: niso omogo\u010deni )<\/li>\n<li>Omogo\u010di namestitev ostalih pi\u0161kotkov ( Privzeto: niso omgo\u010deni )<\/li>\n<\/ul>\n<\/li>\n<\/ul>\n<p>Strinjam se \u2013 pi\u0161kotki se bodo namestili<\/p>\n<p data-wahfont=\"14\"><strong>Upravljanje in brisanje pi\u0161kotkov<\/strong><\/p>\n<p data-wahfont=\"14\">\u010ce \u017eelite spremeniti na\u010din uporabe pi\u0161kotkov v brskalniku, vklju\u010dno z blokiranjem ali izbrisom, lahko to storite z ustrezno spremembo nastavitev brskalnika.<\/p>\n<p data-wahfont=\"14\">Za upravljanje pi\u0161kotkov vam ve\u010dina brskalnikov omogo\u010da, da sprejmete ali zavrnete vse pi\u0161kotke, sprejmete samo dolo\u010deno vrsto pi\u0161kotkov ali pa vas opozori, da stran \u017eeli shraniti pi\u0161kotek.<\/p>\n<p data-wahfont=\"14\">Pi\u0161kotke, ki jih je brskalnik shranil, lahko enostavno izbri\u0161ete.<\/p>\n<p data-wahfont=\"14\">Postopek za upravljanje in brisanje pi\u0161kotkov se razlikuje od brskalnika do brskalnika. \u010ce pri tem potrebujete pomo\u010d, lahko pogledate v brskalnikovi pomo\u010di uporabnikom.<\/p>\n<p data-wahfont=\"14\"><strong>Primer brisanja pi\u0161kotkov <\/strong><\/p>\n<p data-wahfont=\"14\">Brskalnik Google Chrome:<\/p>\n<ul>\n<li><a href=\"https:\/\/support.google.com\/chrome\/answer\/95647?co=GENIE.Platform%3DDesktop&amp;hl=sl\" target=\"_blank\" rel=\"noopener noreferrer\">https:\/\/support.google.com\/chrome\/answer\/95647?co=GENIE.Platform%3DDesktop&amp;hl=sl<\/a><\/li>\n<\/ul>\n","protected":false},"excerpt":{"rendered":"<p>Uporaba pi\u0161kotkov Na spletnih straneh uporabljamo pi\u0161kotke za spremljanje obiskanosti spletnih strani s ciljem izbolj\u0161anja in la\u017ejega brskanja po spletnih straneh. Kaj je pi\u0161kotek ? Pi\u0161kotek je datoteka, ki shrani nastavitve spletnih strani. Prenese se preko brskalnika pri prvem obisku spletne strani in ko se naslednji\u010d vrnete na stran z istega ra\u010dunalnika, tablice ali telefona, [&hellip;]<\/p>\n","protected":false},"author":1,"featured_media":0,"parent":0,"menu_order":1000,"comment_status":"closed","ping_status":"closed","template":"","meta":{"_et_pb_use_builder":"","_et_pb_old_content":"","_et_gb_content_width":"","footnotes":""},"class_list":["post-5497","page","type-page","status-publish","hentry"],"_links":{"self":[{"href":"https:\/\/antika-lipovec.si\/en\/wp-json\/wp\/v2\/pages\/5497","targetHints":{"allow":["GET"]}}],"collection":[{"href":"https:\/\/antika-lipovec.si\/en\/wp-json\/wp\/v2\/pages"}],"about":[{"href":"https:\/\/antika-lipovec.si\/en\/wp-json\/wp\/v2\/types\/page"}],"author":[{"embeddable":true,"href":"https:\/\/antika-lipovec.si\/en\/wp-json\/wp\/v2\/users\/1"}],"replies":[{"embeddable":true,"href":"https:\/\/antika-lipovec.si\/en\/wp-json\/wp\/v2\/comments?post=5497"}],"version-history":[{"count":0,"href":"https:\/\/antika-lipovec.si\/en\/wp-json\/wp\/v2\/pages\/5497\/revisions"}],"wp:attachment":[{"href":"https:\/\/antika-lipovec.si\/en\/wp-json\/wp\/v2\/media?parent=5497"}],"curies":[{"name":"wp","href":"https:\/\/api.w.org\/{rel}","templated":true}]}}