{"id":9731,"date":"2024-06-13T09:46:26","date_gmt":"2024-06-13T09:46:26","guid":{"rendered":"https:\/\/antika-lipovec.si\/trgovina\/unkategorisiert\/wandlampen-venezianisches-glas-murano\/"},"modified":"2020-06-13T09:46:26","modified_gmt":"2020-06-13T09:46:26","slug":"wandlampen-venezianisches-glas-murano","status":"publish","type":"product","link":"https:\/\/antika-lipovec.si\/de\/trgovina\/antikes\/rrestaurierte-moebel-und-lampen\/wandlampen-venezianisches-glas-murano\/","title":{"rendered":"Wandlampen, Venezianisches Glas (Murano)"},"content":{"rendered":"<p>Gr\u00f6\u00dfere Wandlampen, venezianisches Glas (Murano), aus der ersten H\u00e4lfte des 20. Jahrhunderts. Preis: EUR 350,00\/Stk.<\/p>\n<p>Abmessungen: 34 x 40 cm.<\/p>\n","protected":false},"excerpt":{"rendered":"<p>Gr\u00f6\u00dfere Wandlampen, venezianisches Glas (Murano), aus der ersten H\u00e4lfte des 20. Jahrhunderts. Preis: EUR 350,00\/Stk. Abmessungen: 34 x 40 cm.<\/p>\n","protected":false},"featured_media":5882,"template":"","meta":{"_et_pb_use_builder":"","_et_pb_old_content":"","_et_gb_content_width":""},"product_brand":[],"product_cat":[416],"product_tag":[],"class_list":{"0":"post-9731","1":"product","2":"type-product","3":"status-publish","4":"has-post-thumbnail","6":"product_cat-rrestaurierte-moebel-und-lampen","8":"first","9":"instock","10":"sale","11":"shipping-taxable","12":"purchasable","13":"product-type-simple"},"_links":{"self":[{"href":"https:\/\/antika-lipovec.si\/de\/wp-json\/wp\/v2\/product\/9731","targetHints":{"allow":["GET"]}}],"collection":[{"href":"https:\/\/antika-lipovec.si\/de\/wp-json\/wp\/v2\/product"}],"about":[{"href":"https:\/\/antika-lipovec.si\/de\/wp-json\/wp\/v2\/types\/product"}],"wp:featuredmedia":[{"embeddable":true,"href":"https:\/\/antika-lipovec.si\/de\/wp-json\/wp\/v2\/media\/5882"}],"wp:attachment":[{"href":"https:\/\/antika-lipovec.si\/de\/wp-json\/wp\/v2\/media?parent=9731"}],"wp:term":[{"taxonomy":"product_brand","embeddable":true,"href":"https:\/\/antika-lipovec.si\/de\/wp-json\/wp\/v2\/product_brand?post=9731"},{"taxonomy":"product_cat","embeddable":true,"href":"https:\/\/antika-lipovec.si\/de\/wp-json\/wp\/v2\/product_cat?post=9731"},{"taxonomy":"product_tag","embeddable":true,"href":"https:\/\/antika-lipovec.si\/de\/wp-json\/wp\/v2\/product_tag?post=9731"}],"curies":[{"name":"wp","href":"https:\/\/api.w.org\/{rel}","templated":true}]}}