{"id":9719,"date":"2022-08-06T09:46:05","date_gmt":"2020-08-06T09:46:05","guid":{"rendered":"https:\/\/antika-lipovec.si\/trgovina\/unkategorisiert\/wandlampen\/"},"modified":"2020-08-06T09:46:05","modified_gmt":"2020-08-06T09:46:05","slug":"wandlampen","status":"publish","type":"product","link":"https:\/\/antika-lipovec.si\/de\/trgovina\/antikes\/rrestaurierte-moebel-und-lampen\/wandlampen\/","title":{"rendered":"Wandlampen"},"content":{"rendered":"<p>Wandlampen, Anfang 20. Jahrhundert, Messing, Kristallgl\u00e4ser. Preis f\u00fcr ein Paar Lampen!<\/p>\n<p>Ma\u00dfe: 24 x 14 x 20 cm.<\/p>\n","protected":false},"excerpt":{"rendered":"<p>Wandlampen, Anfang 20. Jahrhundert, Messing, Kristallgl\u00e4ser. Preis f\u00fcr ein Paar Lampen! Ma\u00dfe: 24 x 14 x 20 cm.<\/p>\n","protected":false},"featured_media":6029,"template":"","meta":{"_et_pb_use_builder":"","_et_pb_old_content":"","_et_gb_content_width":""},"product_brand":[],"product_cat":[219,416],"product_tag":[],"class_list":{"0":"post-9719","1":"product","2":"type-product","3":"status-publish","4":"has-post-thumbnail","6":"product_cat-schnaeppchenkauf","7":"product_cat-rrestaurierte-moebel-und-lampen","9":"first","10":"instock","11":"sale","12":"shipping-taxable","13":"purchasable","14":"product-type-simple"},"_links":{"self":[{"href":"https:\/\/antika-lipovec.si\/de\/wp-json\/wp\/v2\/product\/9719","targetHints":{"allow":["GET"]}}],"collection":[{"href":"https:\/\/antika-lipovec.si\/de\/wp-json\/wp\/v2\/product"}],"about":[{"href":"https:\/\/antika-lipovec.si\/de\/wp-json\/wp\/v2\/types\/product"}],"wp:featuredmedia":[{"embeddable":true,"href":"https:\/\/antika-lipovec.si\/de\/wp-json\/wp\/v2\/media\/6029"}],"wp:attachment":[{"href":"https:\/\/antika-lipovec.si\/de\/wp-json\/wp\/v2\/media?parent=9719"}],"wp:term":[{"taxonomy":"product_brand","embeddable":true,"href":"https:\/\/antika-lipovec.si\/de\/wp-json\/wp\/v2\/product_brand?post=9719"},{"taxonomy":"product_cat","embeddable":true,"href":"https:\/\/antika-lipovec.si\/de\/wp-json\/wp\/v2\/product_cat?post=9719"},{"taxonomy":"product_tag","embeddable":true,"href":"https:\/\/antika-lipovec.si\/de\/wp-json\/wp\/v2\/product_tag?post=9719"}],"curies":[{"name":"wp","href":"https:\/\/api.w.org\/{rel}","templated":true}]}}