{"id":9684,"date":"2023-07-28T14:39:01","date_gmt":"2020-07-28T14:39:01","guid":{"rendered":"https:\/\/antika-lipovec.si\/trgovina\/unkategorisiert\/buecherschrank-artdeco\/"},"modified":"2020-07-28T14:39:01","modified_gmt":"2020-07-28T14:39:01","slug":"buecherschrank-artdeco","status":"publish","type":"product","link":"https:\/\/antika-lipovec.si\/de\/trgovina\/antikes\/rrestaurierte-moebel-und-lampen\/buecherschrank-artdeco\/","title":{"rendered":"B\u00fccherschrank, Artdeco"},"content":{"rendered":"<p>Restaurierter B\u00fccherschrank aus der ersten H\u00e4lfte des 20. Jahrhunderts im Artdeco-Stil. Ausgew\u00e4hltes Walnussfurnier &#8211; Wurzelholz (auch in der Vitrine). Links und rechts im Schrank befinden sich B\u00fccherregale. Der Schrank kann in Einzelteile zerlegt werden. Restauriert in unserer Werkstatt.<\/p>\n<p>Abmessungen: 240 x 62 x 190 (H) cm.<\/p>\n","protected":false},"excerpt":{"rendered":"<p>Restaurierter B\u00fccherschrank aus der ersten H\u00e4lfte des 20. Jahrhunderts im Artdeco-Stil. Ausgew\u00e4hltes Walnussfurnier &#8211; Wurzelholz (auch in der Vitrine). Links und rechts im Schrank befinden sich B\u00fccherregale. Der Schrank kann in Einzelteile zerlegt werden. Restauriert in unserer Werkstatt. Abmessungen: 240 x 62 x 190 (H) cm.<\/p>\n","protected":false},"featured_media":5606,"template":"","meta":{"_et_pb_use_builder":"","_et_pb_old_content":"","_et_gb_content_width":""},"product_brand":[],"product_cat":[416],"product_tag":[],"class_list":{"0":"post-9684","1":"product","2":"type-product","3":"status-publish","4":"has-post-thumbnail","6":"product_cat-rrestaurierte-moebel-und-lampen","7":"product_shipping_class-vecji-predmeti-de","9":"first","10":"instock","11":"sale","12":"shipping-taxable","13":"purchasable","14":"product-type-simple"},"_links":{"self":[{"href":"https:\/\/antika-lipovec.si\/de\/wp-json\/wp\/v2\/product\/9684","targetHints":{"allow":["GET"]}}],"collection":[{"href":"https:\/\/antika-lipovec.si\/de\/wp-json\/wp\/v2\/product"}],"about":[{"href":"https:\/\/antika-lipovec.si\/de\/wp-json\/wp\/v2\/types\/product"}],"wp:featuredmedia":[{"embeddable":true,"href":"https:\/\/antika-lipovec.si\/de\/wp-json\/wp\/v2\/media\/5606"}],"wp:attachment":[{"href":"https:\/\/antika-lipovec.si\/de\/wp-json\/wp\/v2\/media?parent=9684"}],"wp:term":[{"taxonomy":"product_brand","embeddable":true,"href":"https:\/\/antika-lipovec.si\/de\/wp-json\/wp\/v2\/product_brand?post=9684"},{"taxonomy":"product_cat","embeddable":true,"href":"https:\/\/antika-lipovec.si\/de\/wp-json\/wp\/v2\/product_cat?post=9684"},{"taxonomy":"product_tag","embeddable":true,"href":"https:\/\/antika-lipovec.si\/de\/wp-json\/wp\/v2\/product_tag?post=9684"}],"curies":[{"name":"wp","href":"https:\/\/api.w.org\/{rel}","templated":true}]}}