{"id":9612,"date":"2020-06-13T09:42:52","date_gmt":"2020-06-13T09:42:52","guid":{"rendered":"https:\/\/antika-lipovec.si\/trgovina\/unkategorisiert\/rustikale-stuhle-kirschholz\/"},"modified":"2020-06-13T09:42:52","modified_gmt":"2020-06-13T09:42:52","slug":"rustikale-stuhle-kirschholz","status":"publish","type":"product","link":"https:\/\/antika-lipovec.si\/de\/trgovina\/antikes\/unrestaurierte-antike-moebel-und-lampen\/rustikale-stuhle-kirschholz\/","title":{"rendered":"Rustikale St\u00fchle, Kirschholz"},"content":{"rendered":"<p>Rustikale St\u00fchle aus der ersten H\u00e4lfte des 19. Jahrhunderts, Kirschholz, 6 St\u00fcck (Verkauf nur im Set).<\/p>\n","protected":false},"excerpt":{"rendered":"<p>Rustikale St\u00fchle aus der ersten H\u00e4lfte des 19. Jahrhunderts, Kirschholz, 6 St\u00fcck (Verkauf nur im Set).<\/p>\n","protected":false},"featured_media":5648,"template":"","meta":{"_et_pb_use_builder":"","_et_pb_old_content":"","_et_gb_content_width":""},"product_brand":[],"product_cat":[232,127],"product_tag":[],"class_list":{"0":"post-9612","1":"product","2":"type-product","3":"status-publish","4":"has-post-thumbnail","6":"product_cat-unrestaurierte-antike-moebel-und-lampen","7":"product_cat-ugodni-nakupi","8":"product_shipping_class-vecji-predmeti-de","10":"first","11":"instock","12":"sale","13":"shipping-taxable","14":"purchasable","15":"product-type-simple"},"_links":{"self":[{"href":"https:\/\/antika-lipovec.si\/de\/wp-json\/wp\/v2\/product\/9612","targetHints":{"allow":["GET"]}}],"collection":[{"href":"https:\/\/antika-lipovec.si\/de\/wp-json\/wp\/v2\/product"}],"about":[{"href":"https:\/\/antika-lipovec.si\/de\/wp-json\/wp\/v2\/types\/product"}],"wp:featuredmedia":[{"embeddable":true,"href":"https:\/\/antika-lipovec.si\/de\/wp-json\/wp\/v2\/media\/5648"}],"wp:attachment":[{"href":"https:\/\/antika-lipovec.si\/de\/wp-json\/wp\/v2\/media?parent=9612"}],"wp:term":[{"taxonomy":"product_brand","embeddable":true,"href":"https:\/\/antika-lipovec.si\/de\/wp-json\/wp\/v2\/product_brand?post=9612"},{"taxonomy":"product_cat","embeddable":true,"href":"https:\/\/antika-lipovec.si\/de\/wp-json\/wp\/v2\/product_cat?post=9612"},{"taxonomy":"product_tag","embeddable":true,"href":"https:\/\/antika-lipovec.si\/de\/wp-json\/wp\/v2\/product_tag?post=9612"}],"curies":[{"name":"wp","href":"https:\/\/api.w.org\/{rel}","templated":true}]}}