{"id":9590,"date":"2022-12-13T11:29:21","date_gmt":"2022-12-13T11:29:21","guid":{"rendered":"https:\/\/antika-lipovec.si\/trgovina\/unkategorisiert\/biedermeier-sessel\/"},"modified":"2022-12-13T11:29:21","modified_gmt":"2022-12-13T11:29:21","slug":"biedermeier-sessel","status":"publish","type":"product","link":"https:\/\/antika-lipovec.si\/de\/trgovina\/antikes\/rrestaurierte-moebel-und-lampen\/biedermeier-sessel\/","title":{"rendered":"Biedermeier Sessel"},"content":{"rendered":"<p>Biedermeier-Sessel, aus der ersten H\u00e4lfte des 19. Jahrhunderts (um 1830), Nussbaumfurnier mit Intarsien, Ma\u00dfe: 63 x 67 x 99 (h) cm. Restauriert in unserer Werkstatt, bezogen mit Bezugsstoff erster Qualit\u00e4t (Italien).<\/p>\n","protected":false},"excerpt":{"rendered":"<p>Biedermeier-Sessel, aus der ersten H\u00e4lfte des 19. Jahrhunderts (um 1830), Nussbaumfurnier mit Intarsien, Ma\u00dfe: 63 x 67 x 99 (h) cm. Restauriert in unserer Werkstatt, bezogen mit Bezugsstoff erster Qualit\u00e4t (Italien).<\/p>\n","protected":false},"featured_media":9039,"template":"","meta":{"_et_pb_use_builder":"","_et_pb_old_content":"","_et_gb_content_width":""},"product_brand":[],"product_cat":[416],"product_tag":[],"class_list":{"0":"post-9590","1":"product","2":"type-product","3":"status-publish","4":"has-post-thumbnail","6":"product_cat-rrestaurierte-moebel-und-lampen","7":"product_shipping_class-vecji-predmeti-de","9":"first","10":"outofstock","11":"shipping-taxable","12":"product-type-simple"},"_links":{"self":[{"href":"https:\/\/antika-lipovec.si\/de\/wp-json\/wp\/v2\/product\/9590","targetHints":{"allow":["GET"]}}],"collection":[{"href":"https:\/\/antika-lipovec.si\/de\/wp-json\/wp\/v2\/product"}],"about":[{"href":"https:\/\/antika-lipovec.si\/de\/wp-json\/wp\/v2\/types\/product"}],"wp:featuredmedia":[{"embeddable":true,"href":"https:\/\/antika-lipovec.si\/de\/wp-json\/wp\/v2\/media\/9039"}],"wp:attachment":[{"href":"https:\/\/antika-lipovec.si\/de\/wp-json\/wp\/v2\/media?parent=9590"}],"wp:term":[{"taxonomy":"product_brand","embeddable":true,"href":"https:\/\/antika-lipovec.si\/de\/wp-json\/wp\/v2\/product_brand?post=9590"},{"taxonomy":"product_cat","embeddable":true,"href":"https:\/\/antika-lipovec.si\/de\/wp-json\/wp\/v2\/product_cat?post=9590"},{"taxonomy":"product_tag","embeddable":true,"href":"https:\/\/antika-lipovec.si\/de\/wp-json\/wp\/v2\/product_tag?post=9590"}],"curies":[{"name":"wp","href":"https:\/\/api.w.org\/{rel}","templated":true}]}}