{"id":9578,"date":"2022-06-13T09:46:03","date_gmt":"2020-06-13T09:46:03","guid":{"rendered":"https:\/\/antika-lipovec.si\/trgovina\/unkategorisiert\/naehtisch-biedermeier\/"},"modified":"2020-06-13T09:46:03","modified_gmt":"2020-06-13T09:46:03","slug":"naehtisch-biedermeier","status":"publish","type":"product","link":"https:\/\/antika-lipovec.si\/de\/trgovina\/antikes\/rrestaurierte-moebel-und-lampen\/naehtisch-biedermeier\/","title":{"rendered":"N\u00e4htisch, Biedermeier"},"content":{"rendered":"<p>Restaurierter N\u00e4htisch in Lyraform (typisch f\u00fcr Biedermeier-M\u00f6bel) um 1820 Mahagoni furniert.<\/p>\n<p>Abmessungen: 57,5 \u200b\u200bx 38,5 x 75 (H) cm.<\/p>\n","protected":false},"excerpt":{"rendered":"<p>Restaurierter N\u00e4htisch in Lyraform (typisch f\u00fcr Biedermeier-M\u00f6bel) um 1820 Mahagoni furniert. Abmessungen: 57,5 \u200b\u200bx 38,5 x 75 (H) cm.<\/p>\n","protected":false},"featured_media":4613,"template":"","meta":{"_et_pb_use_builder":"","_et_pb_old_content":"","_et_gb_content_width":""},"product_brand":[],"product_cat":[416],"product_tag":[],"class_list":{"0":"post-9578","1":"product","2":"type-product","3":"status-publish","4":"has-post-thumbnail","6":"product_cat-rrestaurierte-moebel-und-lampen","8":"first","9":"outofstock","10":"shipping-taxable","11":"product-type-simple"},"_links":{"self":[{"href":"https:\/\/antika-lipovec.si\/de\/wp-json\/wp\/v2\/product\/9578","targetHints":{"allow":["GET"]}}],"collection":[{"href":"https:\/\/antika-lipovec.si\/de\/wp-json\/wp\/v2\/product"}],"about":[{"href":"https:\/\/antika-lipovec.si\/de\/wp-json\/wp\/v2\/types\/product"}],"wp:featuredmedia":[{"embeddable":true,"href":"https:\/\/antika-lipovec.si\/de\/wp-json\/wp\/v2\/media\/4613"}],"wp:attachment":[{"href":"https:\/\/antika-lipovec.si\/de\/wp-json\/wp\/v2\/media?parent=9578"}],"wp:term":[{"taxonomy":"product_brand","embeddable":true,"href":"https:\/\/antika-lipovec.si\/de\/wp-json\/wp\/v2\/product_brand?post=9578"},{"taxonomy":"product_cat","embeddable":true,"href":"https:\/\/antika-lipovec.si\/de\/wp-json\/wp\/v2\/product_cat?post=9578"},{"taxonomy":"product_tag","embeddable":true,"href":"https:\/\/antika-lipovec.si\/de\/wp-json\/wp\/v2\/product_tag?post=9578"}],"curies":[{"name":"wp","href":"https:\/\/api.w.org\/{rel}","templated":true}]}}