{"id":9573,"date":"2020-07-13T07:48:18","date_gmt":"2020-07-13T07:48:18","guid":{"rendered":"https:\/\/antika-lipovec.si\/trgovina\/unkategorisiert\/ausziehbarer-esstisch\/"},"modified":"2020-07-13T07:48:18","modified_gmt":"2020-07-13T07:48:18","slug":"ausziehbarer-esstisch","status":"publish","type":"product","link":"https:\/\/antika-lipovec.si\/de\/trgovina\/antikes\/unrestaurierte-antike-moebel-und-lampen\/ausziehbarer-esstisch\/","title":{"rendered":"Ausziehbarer Esstisch"},"content":{"rendered":"<p>Esstisch, Mitte 19. Jahrhundert, Nussbaumfurnier. Sch\u00f6n erhalten &#8211; noch nicht restauriert.<br \/>\nAbmessungen: 115 x 79 x 77 (H) cm. Der Tisch erstreckt sich auf eine L\u00e4nge von + 120 cm (Platten werden hinzugef\u00fcgt). Ma\u00dfe des Ausziehtisches ca.: 115 x 200 cm.<\/p>\n","protected":false},"excerpt":{"rendered":"<p>Esstisch, Mitte 19. Jahrhundert, Nussbaumfurnier. Sch\u00f6n erhalten &#8211; noch nicht restauriert. Abmessungen: 115 x 79 x 77 (H) cm. Der Tisch erstreckt sich auf eine L\u00e4nge von + 120 cm (Platten werden hinzugef\u00fcgt). Ma\u00dfe des Ausziehtisches ca.: 115 x 200 cm.<\/p>\n","protected":false},"featured_media":7471,"template":"","meta":{"_et_pb_use_builder":"","_et_pb_old_content":"","_et_gb_content_width":""},"product_brand":[],"product_cat":[232],"product_tag":[],"class_list":{"0":"post-9573","1":"product","2":"type-product","3":"status-publish","4":"has-post-thumbnail","6":"product_cat-unrestaurierte-antike-moebel-und-lampen","7":"product_shipping_class-vecji-predmeti-de","9":"first","10":"instock","11":"shipping-taxable","12":"purchasable","13":"product-type-simple"},"_links":{"self":[{"href":"https:\/\/antika-lipovec.si\/de\/wp-json\/wp\/v2\/product\/9573","targetHints":{"allow":["GET"]}}],"collection":[{"href":"https:\/\/antika-lipovec.si\/de\/wp-json\/wp\/v2\/product"}],"about":[{"href":"https:\/\/antika-lipovec.si\/de\/wp-json\/wp\/v2\/types\/product"}],"wp:featuredmedia":[{"embeddable":true,"href":"https:\/\/antika-lipovec.si\/de\/wp-json\/wp\/v2\/media\/7471"}],"wp:attachment":[{"href":"https:\/\/antika-lipovec.si\/de\/wp-json\/wp\/v2\/media?parent=9573"}],"wp:term":[{"taxonomy":"product_brand","embeddable":true,"href":"https:\/\/antika-lipovec.si\/de\/wp-json\/wp\/v2\/product_brand?post=9573"},{"taxonomy":"product_cat","embeddable":true,"href":"https:\/\/antika-lipovec.si\/de\/wp-json\/wp\/v2\/product_cat?post=9573"},{"taxonomy":"product_tag","embeddable":true,"href":"https:\/\/antika-lipovec.si\/de\/wp-json\/wp\/v2\/product_tag?post=9573"}],"curies":[{"name":"wp","href":"https:\/\/api.w.org\/{rel}","templated":true}]}}