{"id":9544,"date":"2023-02-16T09:48:00","date_gmt":"2023-02-16T09:48:00","guid":{"rendered":"https:\/\/antika-lipovec.si\/trgovina\/unkategorisiert\/gabrijel-kolbic-1913-1995-unser-land-blick-auf-kozjak\/"},"modified":"2023-02-16T09:48:00","modified_gmt":"2023-02-16T09:48:00","slug":"gabrijel-kolbic-1913-1995-unser-land-blick-auf-kozjak","status":"publish","type":"product","link":"https:\/\/antika-lipovec.si\/de\/trgovina\/kunstwerke\/kunstwerke-slowenische-kuenstler\/gabrijel-kolbic-1913-1995-unser-land-blick-auf-kozjak\/","title":{"rendered":"Gabrijel Kolbi\u010d (1913 &#8211; 1995): Unser Land (Blick auf Kozjak)"},"content":{"rendered":"<p>Gabrijel Kolbi\u010d (1913 &#8211; 1995): Unser Land (Blick auf Kozjak), Aquarell, l. 1965, rechts unten signiert und datiert. Ma\u00dfe: 70 x 50 (+ Rahmen 7 cm).<\/p>\n","protected":false},"excerpt":{"rendered":"<p>Gabrijel Kolbi\u010d (1913 &#8211; 1995): Unser Land (Blick auf Kozjak), Aquarell, l. 1965, rechts unten signiert und datiert. Ma\u00dfe: 70 x 50 (+ Rahmen 7 cm).<\/p>\n","protected":false},"featured_media":9541,"template":"","meta":{"_et_pb_use_builder":"","_et_pb_old_content":"","_et_gb_content_width":""},"product_brand":[],"product_cat":[90,127],"product_tag":[],"class_list":{"0":"post-9544","1":"product","2":"type-product","3":"status-publish","4":"has-post-thumbnail","6":"product_cat-kunstwerke-slowenische-kuenstler","7":"product_cat-ugodni-nakupi","9":"first","10":"instock","11":"shipping-taxable","12":"purchasable","13":"product-type-simple"},"_links":{"self":[{"href":"https:\/\/antika-lipovec.si\/de\/wp-json\/wp\/v2\/product\/9544","targetHints":{"allow":["GET"]}}],"collection":[{"href":"https:\/\/antika-lipovec.si\/de\/wp-json\/wp\/v2\/product"}],"about":[{"href":"https:\/\/antika-lipovec.si\/de\/wp-json\/wp\/v2\/types\/product"}],"wp:featuredmedia":[{"embeddable":true,"href":"https:\/\/antika-lipovec.si\/de\/wp-json\/wp\/v2\/media\/9541"}],"wp:attachment":[{"href":"https:\/\/antika-lipovec.si\/de\/wp-json\/wp\/v2\/media?parent=9544"}],"wp:term":[{"taxonomy":"product_brand","embeddable":true,"href":"https:\/\/antika-lipovec.si\/de\/wp-json\/wp\/v2\/product_brand?post=9544"},{"taxonomy":"product_cat","embeddable":true,"href":"https:\/\/antika-lipovec.si\/de\/wp-json\/wp\/v2\/product_cat?post=9544"},{"taxonomy":"product_tag","embeddable":true,"href":"https:\/\/antika-lipovec.si\/de\/wp-json\/wp\/v2\/product_tag?post=9544"}],"curies":[{"name":"wp","href":"https:\/\/api.w.org\/{rel}","templated":true}]}}