{"id":9524,"date":"2021-06-13T09:47:04","date_gmt":"2020-06-13T09:47:04","guid":{"rendered":"https:\/\/antika-lipovec.si\/trgovina\/unkategorisiert\/sechs-stuehle-artdeco\/"},"modified":"2020-06-13T09:47:04","modified_gmt":"2020-06-13T09:47:04","slug":"sechs-stuehle-artdeco","status":"publish","type":"product","link":"https:\/\/antika-lipovec.si\/de\/trgovina\/antikes\/unrestaurierte-antike-moebel-und-lampen\/sechs-stuehle-artdeco\/","title":{"rendered":"Sechs St\u00fchle, Artdeco"},"content":{"rendered":"<p>Sechs St\u00fchle, Artdeco, aus der ersten H\u00e4lfte des 20. Jahrhunderts, ausgesuchtes Nussbaumfurnier, R\u00fcckenlehne gebogen, im Originalzustand, sehr gut erhalten.<\/p>\n","protected":false},"excerpt":{"rendered":"<p>Sechs St\u00fchle, Artdeco, aus der ersten H\u00e4lfte des 20. Jahrhunderts, ausgesuchtes Nussbaumfurnier, R\u00fcckenlehne gebogen, im Originalzustand, sehr gut erhalten.<\/p>\n","protected":false},"featured_media":4790,"template":"","meta":{"_et_pb_use_builder":"","_et_pb_old_content":"","_et_gb_content_width":""},"product_brand":[],"product_cat":[232],"product_tag":[],"class_list":{"0":"post-9524","1":"product","2":"type-product","3":"status-publish","4":"has-post-thumbnail","6":"product_cat-unrestaurierte-antike-moebel-und-lampen","7":"product_shipping_class-vecji-predmeti-de","9":"first","10":"instock","11":"sale","12":"shipping-taxable","13":"purchasable","14":"product-type-simple"},"_links":{"self":[{"href":"https:\/\/antika-lipovec.si\/de\/wp-json\/wp\/v2\/product\/9524","targetHints":{"allow":["GET"]}}],"collection":[{"href":"https:\/\/antika-lipovec.si\/de\/wp-json\/wp\/v2\/product"}],"about":[{"href":"https:\/\/antika-lipovec.si\/de\/wp-json\/wp\/v2\/types\/product"}],"wp:featuredmedia":[{"embeddable":true,"href":"https:\/\/antika-lipovec.si\/de\/wp-json\/wp\/v2\/media\/4790"}],"wp:attachment":[{"href":"https:\/\/antika-lipovec.si\/de\/wp-json\/wp\/v2\/media?parent=9524"}],"wp:term":[{"taxonomy":"product_brand","embeddable":true,"href":"https:\/\/antika-lipovec.si\/de\/wp-json\/wp\/v2\/product_brand?post=9524"},{"taxonomy":"product_cat","embeddable":true,"href":"https:\/\/antika-lipovec.si\/de\/wp-json\/wp\/v2\/product_cat?post=9524"},{"taxonomy":"product_tag","embeddable":true,"href":"https:\/\/antika-lipovec.si\/de\/wp-json\/wp\/v2\/product_tag?post=9524"}],"curies":[{"name":"wp","href":"https:\/\/api.w.org\/{rel}","templated":true}]}}