{"id":9512,"date":"2021-03-25T10:33:05","date_gmt":"2021-03-25T10:33:05","guid":{"rendered":"https:\/\/antika-lipovec.si\/trgovina\/unkategorisiert\/danhauser-schreibtisch-biedermeier\/"},"modified":"2023-02-22T10:24:34","modified_gmt":"2023-02-22T10:24:34","slug":"danhauser-schreibtisch-biedermeier","status":"publish","type":"product","link":"https:\/\/antika-lipovec.si\/de\/trgovina\/antikes\/unrestaurierte-antike-moebel-und-lampen\/danhauser-schreibtisch-biedermeier\/","title":{"rendered":"Danhauser Schreibtisch, Biedermeier"},"content":{"rendered":"<p>Danhauser Schreibtisch, Biedermeier, ca. 1830, Mahagoni furniert, h\u00f6henverstellbar. Der Tisch ist das Werk des ber\u00fchmten Wiener Biedermeier-Designers Josef Danhauser. Der Tisch ist im Originalzustand (nicht restauriert). Abmessungen: 123 x 90 x 76 (H) cm. Josef Danh\u00e4user<\/p>\n<p>W\u00e4hrend der Biedermeierzeit (1815 bis 1848) entwarf und fertigte Josef Ulrich Danhauser M\u00f6bel ohne \u00fcberfl\u00fcssigen Schmuck, die auch heute noch \u00e4u\u00dferst modern wirken. Die M\u00f6belfabrik Danhauser war eines der ersten Wiener Unternehmen, das auf einen durch klare Linien und starke architektonische Elemente gepr\u00e4gten Einrichtungsstil setzte. <\/p>\n","protected":false},"excerpt":{"rendered":"<p>Danhauser Schreibtisch, Biedermeier, ca. 1830, Mahagoni furniert, h\u00f6henverstellbar. Der Tisch ist das Werk des ber\u00fchmten Wiener Biedermeier-Designers Josef Danhauser. Der Tisch ist im Originalzustand (nicht restauriert). Abmessungen: 123 x 90 x 76 (H) cm. Josef Danh\u00e4user W\u00e4hrend der Biedermeierzeit (1815 bis 1848) entwarf und fertigte Josef Ulrich Danhauser M\u00f6bel ohne \u00fcberfl\u00fcssigen Schmuck, die auch heute [&hellip;]<\/p>\n","protected":false},"featured_media":7398,"template":"","meta":{"_et_pb_use_builder":"","_et_pb_old_content":"","_et_gb_content_width":""},"product_brand":[],"product_cat":[232],"product_tag":[],"class_list":{"0":"post-9512","1":"product","2":"type-product","3":"status-publish","4":"has-post-thumbnail","6":"product_cat-unrestaurierte-antike-moebel-und-lampen","7":"product_shipping_class-vecji-predmeti-de","9":"first","10":"instock","11":"sale","12":"shipping-taxable","13":"purchasable","14":"product-type-simple"},"_links":{"self":[{"href":"https:\/\/antika-lipovec.si\/de\/wp-json\/wp\/v2\/product\/9512","targetHints":{"allow":["GET"]}}],"collection":[{"href":"https:\/\/antika-lipovec.si\/de\/wp-json\/wp\/v2\/product"}],"about":[{"href":"https:\/\/antika-lipovec.si\/de\/wp-json\/wp\/v2\/types\/product"}],"wp:featuredmedia":[{"embeddable":true,"href":"https:\/\/antika-lipovec.si\/de\/wp-json\/wp\/v2\/media\/7398"}],"wp:attachment":[{"href":"https:\/\/antika-lipovec.si\/de\/wp-json\/wp\/v2\/media?parent=9512"}],"wp:term":[{"taxonomy":"product_brand","embeddable":true,"href":"https:\/\/antika-lipovec.si\/de\/wp-json\/wp\/v2\/product_brand?post=9512"},{"taxonomy":"product_cat","embeddable":true,"href":"https:\/\/antika-lipovec.si\/de\/wp-json\/wp\/v2\/product_cat?post=9512"},{"taxonomy":"product_tag","embeddable":true,"href":"https:\/\/antika-lipovec.si\/de\/wp-json\/wp\/v2\/product_tag?post=9512"}],"curies":[{"name":"wp","href":"https:\/\/api.w.org\/{rel}","templated":true}]}}