{"id":9463,"date":"2020-02-15T11:29:09","date_gmt":"2020-02-15T11:29:09","guid":{"rendered":"https:\/\/antika-lipovec.si\/trgovina\/unkategorisiert\/stuhle-empire\/"},"modified":"2020-02-15T11:29:09","modified_gmt":"2020-02-15T11:29:09","slug":"stuhle-empire","status":"publish","type":"product","link":"https:\/\/antika-lipovec.si\/de\/trgovina\/antikes\/unrestaurierte-antike-moebel-und-lampen\/stuhle-empire\/","title":{"rendered":"St\u00fchle, Empire, 2 St\u00fccke"},"content":{"rendered":"<p>Zwei St\u00fchle mit Armlehnen, hergestellt im &#8222;Empire&#8220;-Stil, Mitte des 20. Jahrhunderts, vergoldet. Verkauf nur paarweise.<\/p>\n","protected":false},"excerpt":{"rendered":"<p>Zwei St\u00fchle mit Armlehnen, hergestellt im &#8222;Empire&#8220;-Stil, Mitte des 20. Jahrhunderts, vergoldet. Verkauf nur paarweise.<\/p>\n","protected":false},"featured_media":9458,"template":"","meta":{"_et_pb_use_builder":"","_et_pb_old_content":"","_et_gb_content_width":""},"product_brand":[],"product_cat":[232],"product_tag":[],"class_list":{"0":"post-9463","1":"product","2":"type-product","3":"status-publish","4":"has-post-thumbnail","6":"product_cat-unrestaurierte-antike-moebel-und-lampen","7":"product_shipping_class-vecji-predmeti-de","9":"first","10":"instock","11":"shipping-taxable","12":"purchasable","13":"product-type-simple"},"_links":{"self":[{"href":"https:\/\/antika-lipovec.si\/de\/wp-json\/wp\/v2\/product\/9463","targetHints":{"allow":["GET"]}}],"collection":[{"href":"https:\/\/antika-lipovec.si\/de\/wp-json\/wp\/v2\/product"}],"about":[{"href":"https:\/\/antika-lipovec.si\/de\/wp-json\/wp\/v2\/types\/product"}],"wp:featuredmedia":[{"embeddable":true,"href":"https:\/\/antika-lipovec.si\/de\/wp-json\/wp\/v2\/media\/9458"}],"wp:attachment":[{"href":"https:\/\/antika-lipovec.si\/de\/wp-json\/wp\/v2\/media?parent=9463"}],"wp:term":[{"taxonomy":"product_brand","embeddable":true,"href":"https:\/\/antika-lipovec.si\/de\/wp-json\/wp\/v2\/product_brand?post=9463"},{"taxonomy":"product_cat","embeddable":true,"href":"https:\/\/antika-lipovec.si\/de\/wp-json\/wp\/v2\/product_cat?post=9463"},{"taxonomy":"product_tag","embeddable":true,"href":"https:\/\/antika-lipovec.si\/de\/wp-json\/wp\/v2\/product_tag?post=9463"}],"curies":[{"name":"wp","href":"https:\/\/api.w.org\/{rel}","templated":true}]}}