{"id":9421,"date":"2020-02-15T10:40:59","date_gmt":"2020-02-15T10:40:59","guid":{"rendered":"https:\/\/antika-lipovec.si\/trgovina\/unkategorisiert\/bucherschrank-biedermeier\/"},"modified":"2020-02-15T10:40:59","modified_gmt":"2020-02-15T10:40:59","slug":"bucherschrank-biedermeier","status":"publish","type":"product","link":"https:\/\/antika-lipovec.si\/de\/trgovina\/antikes\/unrestaurierte-antike-moebel-und-lampen\/bucherschrank-biedermeier\/","title":{"rendered":"B\u00fccherschrank, Biedermeier"},"content":{"rendered":"<p>Gr\u00f6\u00dferes B\u00fccherschrank, Biedermeier, ca. 1830, Nussbaum furniert, zerlegbar. Abmessungen: 141 x 54 x 198 (H) cm.<\/p>\n","protected":false},"excerpt":{"rendered":"<p>Gr\u00f6\u00dferes B\u00fccherschrank, Biedermeier, ca. 1830, Nussbaum furniert, zerlegbar. Abmessungen: 141 x 54 x 198 (H) cm.<\/p>\n","protected":false},"featured_media":9416,"template":"","meta":{"_et_pb_use_builder":"","_et_pb_old_content":"","_et_gb_content_width":""},"product_brand":[],"product_cat":[232],"product_tag":[],"class_list":{"0":"post-9421","1":"product","2":"type-product","3":"status-publish","4":"has-post-thumbnail","6":"product_cat-unrestaurierte-antike-moebel-und-lampen","7":"product_shipping_class-vecji-predmeti-de","9":"first","10":"instock","11":"shipping-taxable","12":"purchasable","13":"product-type-simple"},"_links":{"self":[{"href":"https:\/\/antika-lipovec.si\/de\/wp-json\/wp\/v2\/product\/9421","targetHints":{"allow":["GET"]}}],"collection":[{"href":"https:\/\/antika-lipovec.si\/de\/wp-json\/wp\/v2\/product"}],"about":[{"href":"https:\/\/antika-lipovec.si\/de\/wp-json\/wp\/v2\/types\/product"}],"wp:featuredmedia":[{"embeddable":true,"href":"https:\/\/antika-lipovec.si\/de\/wp-json\/wp\/v2\/media\/9416"}],"wp:attachment":[{"href":"https:\/\/antika-lipovec.si\/de\/wp-json\/wp\/v2\/media?parent=9421"}],"wp:term":[{"taxonomy":"product_brand","embeddable":true,"href":"https:\/\/antika-lipovec.si\/de\/wp-json\/wp\/v2\/product_brand?post=9421"},{"taxonomy":"product_cat","embeddable":true,"href":"https:\/\/antika-lipovec.si\/de\/wp-json\/wp\/v2\/product_cat?post=9421"},{"taxonomy":"product_tag","embeddable":true,"href":"https:\/\/antika-lipovec.si\/de\/wp-json\/wp\/v2\/product_tag?post=9421"}],"curies":[{"name":"wp","href":"https:\/\/api.w.org\/{rel}","templated":true}]}}