{"id":9391,"date":"2020-02-14T11:51:07","date_gmt":"2020-02-14T11:51:07","guid":{"rendered":"https:\/\/antika-lipovec.si\/trgovina\/unkategorisiert\/grosser-tisch-schreibtisch-konferenztisch\/"},"modified":"2020-02-14T11:51:07","modified_gmt":"2020-02-14T11:51:07","slug":"grosser-tisch-schreibtisch-konferenztisch","status":"publish","type":"product","link":"https:\/\/antika-lipovec.si\/de\/trgovina\/antikes\/unrestaurierte-antike-moebel-und-lampen\/grosser-tisch-schreibtisch-konferenztisch\/","title":{"rendered":"Gro\u00dfer Tisch (Schreibtisch, Konferenztisch)"},"content":{"rendered":"<p>Gro\u00dfer Tisch (Schreibtisch, Konferenztisch), sp\u00e4tes 19. Jahrhundert, Nussbaumfurnier, gr\u00fcnes Originalleder. Abmessungen: 150 x 70,5 x 73 (H) cm.<\/p>\n","protected":false},"excerpt":{"rendered":"<p>Gro\u00dfer Tisch (Schreibtisch, Konferenztisch), sp\u00e4tes 19. Jahrhundert, Nussbaumfurnier, gr\u00fcnes Originalleder. Abmessungen: 150 x 70,5 x 73 (H) cm.<\/p>\n","protected":false},"featured_media":9382,"template":"","meta":{"_et_pb_use_builder":"","_et_pb_old_content":"","_et_gb_content_width":""},"product_brand":[],"product_cat":[232],"product_tag":[],"class_list":{"0":"post-9391","1":"product","2":"type-product","3":"status-publish","4":"has-post-thumbnail","6":"product_cat-unrestaurierte-antike-moebel-und-lampen","7":"product_shipping_class-vecji-predmeti-de","9":"first","10":"instock","11":"sale","12":"shipping-taxable","13":"purchasable","14":"product-type-simple"},"_links":{"self":[{"href":"https:\/\/antika-lipovec.si\/de\/wp-json\/wp\/v2\/product\/9391","targetHints":{"allow":["GET"]}}],"collection":[{"href":"https:\/\/antika-lipovec.si\/de\/wp-json\/wp\/v2\/product"}],"about":[{"href":"https:\/\/antika-lipovec.si\/de\/wp-json\/wp\/v2\/types\/product"}],"wp:featuredmedia":[{"embeddable":true,"href":"https:\/\/antika-lipovec.si\/de\/wp-json\/wp\/v2\/media\/9382"}],"wp:attachment":[{"href":"https:\/\/antika-lipovec.si\/de\/wp-json\/wp\/v2\/media?parent=9391"}],"wp:term":[{"taxonomy":"product_brand","embeddable":true,"href":"https:\/\/antika-lipovec.si\/de\/wp-json\/wp\/v2\/product_brand?post=9391"},{"taxonomy":"product_cat","embeddable":true,"href":"https:\/\/antika-lipovec.si\/de\/wp-json\/wp\/v2\/product_cat?post=9391"},{"taxonomy":"product_tag","embeddable":true,"href":"https:\/\/antika-lipovec.si\/de\/wp-json\/wp\/v2\/product_tag?post=9391"}],"curies":[{"name":"wp","href":"https:\/\/api.w.org\/{rel}","templated":true}]}}