{"id":9327,"date":"2020-02-14T10:02:57","date_gmt":"2020-02-14T10:02:57","guid":{"rendered":"https:\/\/antika-lipovec.si\/trgovina\/unkategorisiert\/doppeladler-kronleuchter\/"},"modified":"2020-02-14T10:02:57","modified_gmt":"2020-02-14T10:02:57","slug":"doppeladler-kronleuchter","status":"publish","type":"product","link":"https:\/\/antika-lipovec.si\/de\/trgovina\/antikes\/unrestaurierte-antike-moebel-und-lampen\/doppeladler-kronleuchter\/","title":{"rendered":"Doppeladler Kronleuchter"},"content":{"rendered":"<p>Doppeladler Kronleuchter aus Messing, aus der ersten H\u00e4lfte des 20. Jahrhunderts, 12 Gl\u00fchbirnen. Abmessungen: 75 x 100 (H) cm. Der Kronleuchter ben\u00f6tigt eine Patina-Reinigung.<\/p>\n","protected":false},"excerpt":{"rendered":"<p>Doppeladler Kronleuchter aus Messing, aus der ersten H\u00e4lfte des 20. Jahrhunderts, 12 Gl\u00fchbirnen. Abmessungen: 75 x 100 (H) cm. Der Kronleuchter ben\u00f6tigt eine Patina-Reinigung.<\/p>\n","protected":false},"featured_media":9321,"template":"","meta":{"_et_pb_use_builder":"","_et_pb_old_content":"","_et_gb_content_width":""},"product_brand":[],"product_cat":[232],"product_tag":[],"class_list":{"0":"post-9327","1":"product","2":"type-product","3":"status-publish","4":"has-post-thumbnail","6":"product_cat-unrestaurierte-antike-moebel-und-lampen","7":"product_shipping_class-vecji-predmeti-de","9":"first","10":"instock","11":"shipping-taxable","12":"purchasable","13":"product-type-simple"},"_links":{"self":[{"href":"https:\/\/antika-lipovec.si\/de\/wp-json\/wp\/v2\/product\/9327","targetHints":{"allow":["GET"]}}],"collection":[{"href":"https:\/\/antika-lipovec.si\/de\/wp-json\/wp\/v2\/product"}],"about":[{"href":"https:\/\/antika-lipovec.si\/de\/wp-json\/wp\/v2\/types\/product"}],"wp:featuredmedia":[{"embeddable":true,"href":"https:\/\/antika-lipovec.si\/de\/wp-json\/wp\/v2\/media\/9321"}],"wp:attachment":[{"href":"https:\/\/antika-lipovec.si\/de\/wp-json\/wp\/v2\/media?parent=9327"}],"wp:term":[{"taxonomy":"product_brand","embeddable":true,"href":"https:\/\/antika-lipovec.si\/de\/wp-json\/wp\/v2\/product_brand?post=9327"},{"taxonomy":"product_cat","embeddable":true,"href":"https:\/\/antika-lipovec.si\/de\/wp-json\/wp\/v2\/product_cat?post=9327"},{"taxonomy":"product_tag","embeddable":true,"href":"https:\/\/antika-lipovec.si\/de\/wp-json\/wp\/v2\/product_tag?post=9327"}],"curies":[{"name":"wp","href":"https:\/\/api.w.org\/{rel}","templated":true}]}}