{"id":9276,"date":"2024-02-26T11:16:25","date_gmt":"2023-02-10T11:16:25","guid":{"rendered":"https:\/\/antika-lipovec.si\/trgovina\/unkategorisiert\/ante-trstenjak\/"},"modified":"2024-06-18T10:42:17","modified_gmt":"2024-06-18T10:42:17","slug":"ante-trstenjak","status":"publish","type":"product","link":"https:\/\/antika-lipovec.si\/de\/trgovina\/kunstwerke\/kunstwerke-slowenische-kuenstler\/ante-trstenjak\/","title":{"rendered":"Ante Trstenjak \/ Lu\u017ei\u010danka \/ Lausitz m\u00e4dchen"},"content":{"rendered":"<p>Ante Trstenjak \/ Lu\u017ei\u010danka &#8211; Lausitz m\u00e4dchen, \u00d6l auf Leinwand, um 1930, Originalrahmen.<br \/>\nDas Bild zeigt ein M\u00e4dchen in einem traditionellen Festtagstanzkleid (Lu\u017eice). Das M\u00e4dchen auf dem Bild ist Mina Witkojc (1893 &#8211; 1975), eine Lausitz-serbische Journalistin und Dichterin. Ma\u00dfe: 60 x 70 cm (+ Rahmen 10 cm).<br \/>\nAnte Trstenjak (1894-1970), Maler und Grafiker. <\/p>\n","protected":false},"excerpt":{"rendered":"<p>Ante Trstenjak &#8211; Lu\u017ei\u010danka <\/p>\n","protected":false},"featured_media":9271,"template":"","meta":{"_et_pb_use_builder":"","_et_pb_old_content":"","_et_gb_content_width":""},"product_brand":[],"product_cat":[90],"product_tag":[],"class_list":{"0":"post-9276","1":"product","2":"type-product","3":"status-publish","4":"has-post-thumbnail","6":"product_cat-kunstwerke-slowenische-kuenstler","7":"product_shipping_class-vecji-predmeti-de","9":"first","10":"outofstock","11":"shipping-taxable","12":"product-type-simple"},"_links":{"self":[{"href":"https:\/\/antika-lipovec.si\/de\/wp-json\/wp\/v2\/product\/9276","targetHints":{"allow":["GET"]}}],"collection":[{"href":"https:\/\/antika-lipovec.si\/de\/wp-json\/wp\/v2\/product"}],"about":[{"href":"https:\/\/antika-lipovec.si\/de\/wp-json\/wp\/v2\/types\/product"}],"wp:featuredmedia":[{"embeddable":true,"href":"https:\/\/antika-lipovec.si\/de\/wp-json\/wp\/v2\/media\/9271"}],"wp:attachment":[{"href":"https:\/\/antika-lipovec.si\/de\/wp-json\/wp\/v2\/media?parent=9276"}],"wp:term":[{"taxonomy":"product_brand","embeddable":true,"href":"https:\/\/antika-lipovec.si\/de\/wp-json\/wp\/v2\/product_brand?post=9276"},{"taxonomy":"product_cat","embeddable":true,"href":"https:\/\/antika-lipovec.si\/de\/wp-json\/wp\/v2\/product_cat?post=9276"},{"taxonomy":"product_tag","embeddable":true,"href":"https:\/\/antika-lipovec.si\/de\/wp-json\/wp\/v2\/product_tag?post=9276"}],"curies":[{"name":"wp","href":"https:\/\/api.w.org\/{rel}","templated":true}]}}