{"id":9187,"date":"2023-02-28T09:31:37","date_gmt":"2023-02-28T09:31:37","guid":{"rendered":"https:\/\/antika-lipovec.si\/trgovina\/unkategorisiert\/biedermeier-kommode\/"},"modified":"2022-08-02T09:31:37","modified_gmt":"2022-08-02T09:31:37","slug":"biedermeier-kommode","status":"publish","type":"product","link":"https:\/\/antika-lipovec.si\/de\/trgovina\/antikes\/rrestaurierte-moebel-und-lampen\/biedermeier-kommode\/","title":{"rendered":"Biedermeier Kommode"},"content":{"rendered":"<p>Elegante Biedermeier-Kommode, aus der ersten H\u00e4lfte des 19. Jahrhunderts (ca. 1830), ausgesuchtes und symmetrisch aufgelegtes Nussbaumfurnier &#8211; die Wurzel (das Bild des Furniers verl\u00e4uft von der unteren Schublade und breitet sich nach oben aus, wo es diese vollst\u00e4ndig bedeckt ), Messingbeschl\u00e4ge. Abmessungen: 109 x 56 x 85 (H) cm. In unserer Werkstatt restauriert.<\/p>\n","protected":false},"excerpt":{"rendered":"<p>Elegante Biedermeier-Kommode, aus der ersten H\u00e4lfte des 19. Jahrhunderts (ca. 1830), ausgesuchtes und symmetrisch aufgelegtes Nussbaumfurnier &#8211; die Wurzel (das Bild des Furniers verl\u00e4uft von der unteren Schublade und breitet sich nach oben aus, wo es diese vollst\u00e4ndig bedeckt ), Messingbeschl\u00e4ge. Abmessungen: 109 x 56 x 85 (H) cm. In unserer Werkstatt restauriert.<\/p>\n","protected":false},"featured_media":8636,"template":"","meta":{"_et_pb_use_builder":"","_et_pb_old_content":"","_et_gb_content_width":""},"product_brand":[],"product_cat":[416],"product_tag":[],"class_list":{"0":"post-9187","1":"product","2":"type-product","3":"status-publish","4":"has-post-thumbnail","6":"product_cat-rrestaurierte-moebel-und-lampen","7":"product_shipping_class-vecji-predmeti-de","9":"first","10":"outofstock","11":"shipping-taxable","12":"product-type-simple"},"_links":{"self":[{"href":"https:\/\/antika-lipovec.si\/de\/wp-json\/wp\/v2\/product\/9187","targetHints":{"allow":["GET"]}}],"collection":[{"href":"https:\/\/antika-lipovec.si\/de\/wp-json\/wp\/v2\/product"}],"about":[{"href":"https:\/\/antika-lipovec.si\/de\/wp-json\/wp\/v2\/types\/product"}],"wp:featuredmedia":[{"embeddable":true,"href":"https:\/\/antika-lipovec.si\/de\/wp-json\/wp\/v2\/media\/8636"}],"wp:attachment":[{"href":"https:\/\/antika-lipovec.si\/de\/wp-json\/wp\/v2\/media?parent=9187"}],"wp:term":[{"taxonomy":"product_brand","embeddable":true,"href":"https:\/\/antika-lipovec.si\/de\/wp-json\/wp\/v2\/product_brand?post=9187"},{"taxonomy":"product_cat","embeddable":true,"href":"https:\/\/antika-lipovec.si\/de\/wp-json\/wp\/v2\/product_cat?post=9187"},{"taxonomy":"product_tag","embeddable":true,"href":"https:\/\/antika-lipovec.si\/de\/wp-json\/wp\/v2\/product_tag?post=9187"}],"curies":[{"name":"wp","href":"https:\/\/api.w.org\/{rel}","templated":true}]}}