{"id":9165,"date":"2022-11-04T10:43:57","date_gmt":"2022-11-04T10:43:57","guid":{"rendered":"https:\/\/antika-lipovec.si\/trgovina\/unkategorisiert\/franzosische-tischuhr-art-nouveau\/"},"modified":"2022-11-04T10:43:57","modified_gmt":"2022-11-04T10:43:57","slug":"franzosische-tischuhr-art-nouveau","status":"publish","type":"product","link":"https:\/\/antika-lipovec.si\/de\/trgovina\/antikes\/sonst\/franzosische-tischuhr-art-nouveau\/","title":{"rendered":"Franz\u00f6sische Tischuhr, Art Deco"},"content":{"rendered":"<p>Franz\u00f6sische Tischuhr, Art Deco, Anfang 20. Jh., Marmor, mit Metallskulptur der Jagdg\u00f6ttin Diana. Die Uhr wurde von einem Uhrmachermeister gr\u00fcndlich repariert.<br \/>\nAbmessungen: 38 x 10,5 x 33 (H) cm.<\/p>\n","protected":false},"excerpt":{"rendered":"<p>Franz\u00f6sische Tischuhr, Art Deco, Anfang 20. Jh., Marmor, mit Metallskulptur der Jagdg\u00f6ttin Diana. Die Uhr wurde von einem Uhrmachermeister gr\u00fcndlich repariert. Abmessungen: 38 x 10,5 x 33 (H) cm.<\/p>\n","protected":false},"featured_media":8969,"template":"","meta":{"_et_pb_use_builder":"","_et_pb_old_content":"","_et_gb_content_width":""},"product_brand":[],"product_cat":[100,127],"product_tag":[],"class_list":{"0":"post-9165","1":"product","2":"type-product","3":"status-publish","4":"has-post-thumbnail","6":"product_cat-sonst","7":"product_cat-ugodni-nakupi","9":"first","10":"instock","11":"sale","12":"shipping-taxable","13":"purchasable","14":"product-type-simple"},"_links":{"self":[{"href":"https:\/\/antika-lipovec.si\/de\/wp-json\/wp\/v2\/product\/9165","targetHints":{"allow":["GET"]}}],"collection":[{"href":"https:\/\/antika-lipovec.si\/de\/wp-json\/wp\/v2\/product"}],"about":[{"href":"https:\/\/antika-lipovec.si\/de\/wp-json\/wp\/v2\/types\/product"}],"wp:featuredmedia":[{"embeddable":true,"href":"https:\/\/antika-lipovec.si\/de\/wp-json\/wp\/v2\/media\/8969"}],"wp:attachment":[{"href":"https:\/\/antika-lipovec.si\/de\/wp-json\/wp\/v2\/media?parent=9165"}],"wp:term":[{"taxonomy":"product_brand","embeddable":true,"href":"https:\/\/antika-lipovec.si\/de\/wp-json\/wp\/v2\/product_brand?post=9165"},{"taxonomy":"product_cat","embeddable":true,"href":"https:\/\/antika-lipovec.si\/de\/wp-json\/wp\/v2\/product_cat?post=9165"},{"taxonomy":"product_tag","embeddable":true,"href":"https:\/\/antika-lipovec.si\/de\/wp-json\/wp\/v2\/product_tag?post=9165"}],"curies":[{"name":"wp","href":"https:\/\/api.w.org\/{rel}","templated":true}]}}