{"id":9163,"date":"2022-11-18T09:17:16","date_gmt":"2022-11-18T09:17:16","guid":{"rendered":"https:\/\/antika-lipovec.si\/trgovina\/unkategorisiert\/hochzeitsset-becher-und-zwei-glaser\/"},"modified":"2022-11-18T09:17:16","modified_gmt":"2022-11-18T09:17:16","slug":"hochzeitsset-becher-und-zwei-glaser","status":"publish","type":"product","link":"https:\/\/antika-lipovec.si\/de\/trgovina\/antikes\/sonst\/hochzeitsset-becher-und-zwei-glaser\/","title":{"rendered":"Hochzeitsset: Becher und zwei Gl\u00e4ser"},"content":{"rendered":"<p>Hochzeitsset (Becher + zwei Gl\u00e4ser) aus der ersten H\u00e4lfte des 20. Jahrhunderts, mundgeblasenes Glas und handbemalt. H\u00f6he Becher: 34 cm, Glas: 18 cm.<\/p>\n","protected":false},"excerpt":{"rendered":"<p>Hochzeitsset (Becher + zwei Gl\u00e4ser) aus der ersten H\u00e4lfte des 20. Jahrhunderts, mundgeblasenes Glas und handbemalt. H\u00f6he Becher: 34 cm, Glas: 18 cm.<\/p>\n","protected":false},"featured_media":8981,"template":"","meta":{"_et_pb_use_builder":"","_et_pb_old_content":"","_et_gb_content_width":""},"product_brand":[],"product_cat":[100,127],"product_tag":[],"class_list":{"0":"post-9163","1":"product","2":"type-product","3":"status-publish","4":"has-post-thumbnail","6":"product_cat-sonst","7":"product_cat-ugodni-nakupi","9":"first","10":"instock","11":"sale","12":"shipping-taxable","13":"purchasable","14":"product-type-simple"},"_links":{"self":[{"href":"https:\/\/antika-lipovec.si\/de\/wp-json\/wp\/v2\/product\/9163","targetHints":{"allow":["GET"]}}],"collection":[{"href":"https:\/\/antika-lipovec.si\/de\/wp-json\/wp\/v2\/product"}],"about":[{"href":"https:\/\/antika-lipovec.si\/de\/wp-json\/wp\/v2\/types\/product"}],"wp:featuredmedia":[{"embeddable":true,"href":"https:\/\/antika-lipovec.si\/de\/wp-json\/wp\/v2\/media\/8981"}],"wp:attachment":[{"href":"https:\/\/antika-lipovec.si\/de\/wp-json\/wp\/v2\/media?parent=9163"}],"wp:term":[{"taxonomy":"product_brand","embeddable":true,"href":"https:\/\/antika-lipovec.si\/de\/wp-json\/wp\/v2\/product_brand?post=9163"},{"taxonomy":"product_cat","embeddable":true,"href":"https:\/\/antika-lipovec.si\/de\/wp-json\/wp\/v2\/product_cat?post=9163"},{"taxonomy":"product_tag","embeddable":true,"href":"https:\/\/antika-lipovec.si\/de\/wp-json\/wp\/v2\/product_tag?post=9163"}],"curies":[{"name":"wp","href":"https:\/\/api.w.org\/{rel}","templated":true}]}}