{"id":8902,"date":"2020-10-06T15:42:36","date_gmt":"2020-10-06T15:42:36","guid":{"rendered":"https:\/\/antika-lipovec.si\/?post_type=product&#038;p=8902"},"modified":"2022-10-06T15:54:27","modified_gmt":"2022-10-06T15:54:27","slug":"vaza-in-sklede-aster","status":"publish","type":"product","link":"https:\/\/antika-lipovec.si\/de\/trgovina\/der-rest\/kristall-rogaska\/vaza-in-sklede-aster\/","title":{"rendered":"Vaza in sklede ASTER"},"content":{"rendered":"<p>Serija ASTER &#8230; za sodobne in klasi\u010dne ambiente!<\/p>\n<p>Cena za kos: manj\u0161a skleda 136,00 eur, ve\u010dja skleda in vaza: 160,00 eur.<\/p>\n","protected":false},"excerpt":{"rendered":"<p>Serija ASTER &#8230; za sodobne in klasi\u010dne ambiente! Cena za kos: manj\u0161a skleda 136,00 eur, ve\u010dja skleda in vaza: 160,00 eur.<\/p>\n","protected":false},"featured_media":8903,"template":"","meta":{"_et_pb_use_builder":"","_et_pb_old_content":"","_et_gb_content_width":""},"product_brand":[],"product_cat":[122],"product_tag":[],"class_list":{"0":"post-8902","1":"product","2":"type-product","3":"status-publish","4":"has-post-thumbnail","6":"product_cat-kristal-steklarne-rogaska","7":"product_shipping_class-manjsi-predmeti","9":"first","10":"instock","11":"shipping-taxable","12":"product-type-simple"},"_links":{"self":[{"href":"https:\/\/antika-lipovec.si\/de\/wp-json\/wp\/v2\/product\/8902","targetHints":{"allow":["GET"]}}],"collection":[{"href":"https:\/\/antika-lipovec.si\/de\/wp-json\/wp\/v2\/product"}],"about":[{"href":"https:\/\/antika-lipovec.si\/de\/wp-json\/wp\/v2\/types\/product"}],"wp:featuredmedia":[{"embeddable":true,"href":"https:\/\/antika-lipovec.si\/de\/wp-json\/wp\/v2\/media\/8903"}],"wp:attachment":[{"href":"https:\/\/antika-lipovec.si\/de\/wp-json\/wp\/v2\/media?parent=8902"}],"wp:term":[{"taxonomy":"product_brand","embeddable":true,"href":"https:\/\/antika-lipovec.si\/de\/wp-json\/wp\/v2\/product_brand?post=8902"},{"taxonomy":"product_cat","embeddable":true,"href":"https:\/\/antika-lipovec.si\/de\/wp-json\/wp\/v2\/product_cat?post=8902"},{"taxonomy":"product_tag","embeddable":true,"href":"https:\/\/antika-lipovec.si\/de\/wp-json\/wp\/v2\/product_tag?post=8902"}],"curies":[{"name":"wp","href":"https:\/\/api.w.org\/{rel}","templated":true}]}}