{"id":8851,"date":"2020-10-06T09:54:10","date_gmt":"2020-10-06T09:54:10","guid":{"rendered":"https:\/\/antika-lipovec.si\/?post_type=product&#038;p=8851"},"modified":"2023-10-10T09:11:31","modified_gmt":"2023-10-10T09:11:31","slug":"vaza-in-skleda-superior","status":"publish","type":"product","link":"https:\/\/antika-lipovec.si\/de\/trgovina\/der-rest\/kristall-rogaska\/vaza-in-skleda-superior\/","title":{"rendered":"Vaza in skleda SUPERIOR"},"content":{"rendered":"<p>Mladostna in drzna energija kolekcije \u2018Superior\u2019 je namenjena vsem, ki cenite druga\u010dnost in izstopate iz povpre\u010dja. Kristalno steklo ob svojem polnem potencialu vas bo vsaki\u010d znova presenetilo.<\/p>\n","protected":false},"excerpt":{"rendered":"<p>Mladostna in drzna energija kolekcije \u2018Superior\u2019 je namenjena vsem, ki cenite druga\u010dnost in izstopate iz povpre\u010dja. Kristalno steklo ob svojem polnem potencialu vas bo vsaki\u010d znova presenetilo.<\/p>\n","protected":false},"featured_media":8852,"template":"","meta":{"_et_pb_use_builder":"","_et_pb_old_content":"","_et_gb_content_width":""},"product_brand":[],"product_cat":[122],"product_tag":[],"class_list":{"0":"post-8851","1":"product","2":"type-product","3":"status-publish","4":"has-post-thumbnail","6":"product_cat-kristal-steklarne-rogaska","7":"product_shipping_class-manjsi-predmeti","9":"first","10":"instock","11":"shipping-taxable","12":"product-type-simple"},"_links":{"self":[{"href":"https:\/\/antika-lipovec.si\/de\/wp-json\/wp\/v2\/product\/8851","targetHints":{"allow":["GET"]}}],"collection":[{"href":"https:\/\/antika-lipovec.si\/de\/wp-json\/wp\/v2\/product"}],"about":[{"href":"https:\/\/antika-lipovec.si\/de\/wp-json\/wp\/v2\/types\/product"}],"wp:featuredmedia":[{"embeddable":true,"href":"https:\/\/antika-lipovec.si\/de\/wp-json\/wp\/v2\/media\/8852"}],"wp:attachment":[{"href":"https:\/\/antika-lipovec.si\/de\/wp-json\/wp\/v2\/media?parent=8851"}],"wp:term":[{"taxonomy":"product_brand","embeddable":true,"href":"https:\/\/antika-lipovec.si\/de\/wp-json\/wp\/v2\/product_brand?post=8851"},{"taxonomy":"product_cat","embeddable":true,"href":"https:\/\/antika-lipovec.si\/de\/wp-json\/wp\/v2\/product_cat?post=8851"},{"taxonomy":"product_tag","embeddable":true,"href":"https:\/\/antika-lipovec.si\/de\/wp-json\/wp\/v2\/product_tag?post=8851"}],"curies":[{"name":"wp","href":"https:\/\/api.w.org\/{rel}","templated":true}]}}