{"id":8841,"date":"2020-10-06T09:24:56","date_gmt":"2020-10-06T09:24:56","guid":{"rendered":"https:\/\/antika-lipovec.si\/?post_type=product&#038;p=8841"},"modified":"2023-10-10T09:18:55","modified_gmt":"2023-10-10T09:18:55","slug":"vaza-in-skleda-crystallization","status":"publish","type":"product","link":"https:\/\/antika-lipovec.si\/de\/trgovina\/der-rest\/kristall-rogaska\/vaza-in-skleda-crystallization\/","title":{"rendered":"Vaza in skleda CRYSTALLIZATION"},"content":{"rendered":"<p>Serija CRYSTALLIZATION pripoveduje o milijonu kristalov, ki gradijo vsak izdelek Steklarne Roga\u0161ka in ob stiku s svetlobo ustvarijo najbolj \u017eive odseve. Vaza in skleda bosta zagotovo priljubljeni pri mlaj\u0161ih generacijah, ki prepoznajo dinami\u010dne trikotne vzorce v sodobni umetnosti in oblikovanju. Idealno v minimalisti\u010dnih urbanih ambientih in razko\u0161nih metropolitanskih okoljih.<\/p>\n<p>Cena za kos.<\/p>\n","protected":false},"excerpt":{"rendered":"<p>Serija CRYSTALLIZATION pripoveduje o milijonu kristalov, ki gradijo vsak izdelek Steklarne Roga\u0161ka in ob stiku s svetlobo ustvarijo najbolj \u017eive odseve. Vaza in skleda bosta zagotovo priljubljeni pri mlaj\u0161ih generacijah, ki prepoznajo dinami\u010dne trikotne vzorce v sodobni umetnosti in oblikovanju. Idealno v minimalisti\u010dnih urbanih ambientih in razko\u0161nih metropolitanskih okoljih. Cena za kos.<\/p>\n","protected":false},"featured_media":8842,"template":"","meta":{"_et_pb_use_builder":"","_et_pb_old_content":"","_et_gb_content_width":""},"product_brand":[],"product_cat":[122],"product_tag":[],"class_list":{"0":"post-8841","1":"product","2":"type-product","3":"status-publish","4":"has-post-thumbnail","6":"product_cat-kristal-steklarne-rogaska","7":"product_shipping_class-manjsi-predmeti","9":"first","10":"instock","11":"shipping-taxable","12":"product-type-simple"},"_links":{"self":[{"href":"https:\/\/antika-lipovec.si\/de\/wp-json\/wp\/v2\/product\/8841","targetHints":{"allow":["GET"]}}],"collection":[{"href":"https:\/\/antika-lipovec.si\/de\/wp-json\/wp\/v2\/product"}],"about":[{"href":"https:\/\/antika-lipovec.si\/de\/wp-json\/wp\/v2\/types\/product"}],"wp:featuredmedia":[{"embeddable":true,"href":"https:\/\/antika-lipovec.si\/de\/wp-json\/wp\/v2\/media\/8842"}],"wp:attachment":[{"href":"https:\/\/antika-lipovec.si\/de\/wp-json\/wp\/v2\/media?parent=8841"}],"wp:term":[{"taxonomy":"product_brand","embeddable":true,"href":"https:\/\/antika-lipovec.si\/de\/wp-json\/wp\/v2\/product_brand?post=8841"},{"taxonomy":"product_cat","embeddable":true,"href":"https:\/\/antika-lipovec.si\/de\/wp-json\/wp\/v2\/product_cat?post=8841"},{"taxonomy":"product_tag","embeddable":true,"href":"https:\/\/antika-lipovec.si\/de\/wp-json\/wp\/v2\/product_tag?post=8841"}],"curies":[{"name":"wp","href":"https:\/\/api.w.org\/{rel}","templated":true}]}}