{"id":6963,"date":"2020-11-12T11:00:26","date_gmt":"2020-11-12T11:00:26","guid":{"rendered":"https:\/\/antika-lipovec.si\/?post_type=product&#038;p=6963"},"modified":"2024-05-15T10:23:21","modified_gmt":"2024-05-15T10:23:21","slug":"tapetnisko-blago-caravaggio","status":"publish","type":"product","link":"https:\/\/antika-lipovec.si\/de\/trgovina\/der-rest\/polsterstoff\/tapetnisko-blago-caravaggio\/","title":{"rendered":"Tapetni\u0161ko blago D &#8211; \u017eamet"},"content":{"rendered":"<p>Kvalitetno tapetni\u0161ko blago, \u017eamet &#8211; \u017eakard, poreklo Italija, sestava: 100% poliester, <strong>\u0161irina: 140 cm, <\/strong>v razli\u010dnih vzorcih in barvnih odtenkih. Po naro\u010dilu (dobava 7 &#8211; 14 dni). Cena: 49 eur\/tm + ddv.<\/p>\n<p>Vzorci blaga so na voljo v na\u0161i prodajalni.<\/p>\n","protected":false},"excerpt":{"rendered":"<p>tapetni\u0161ko blago<\/p>\n","protected":false},"featured_media":6964,"template":"","meta":{"_et_pb_use_builder":"","_et_pb_old_content":"","_et_gb_content_width":""},"product_brand":[],"product_cat":[263],"product_tag":[186,184,185],"class_list":{"0":"post-6963","1":"product","2":"type-product","3":"status-publish","4":"has-post-thumbnail","6":"product_cat-tapetnisko-blago","7":"product_tag-zakard","8":"product_tag-tapetnisko-blago","9":"product_tag-zamet","11":"first","12":"onbackorder","13":"shipping-taxable","14":"purchasable","15":"product-type-simple"},"_links":{"self":[{"href":"https:\/\/antika-lipovec.si\/de\/wp-json\/wp\/v2\/product\/6963","targetHints":{"allow":["GET"]}}],"collection":[{"href":"https:\/\/antika-lipovec.si\/de\/wp-json\/wp\/v2\/product"}],"about":[{"href":"https:\/\/antika-lipovec.si\/de\/wp-json\/wp\/v2\/types\/product"}],"wp:featuredmedia":[{"embeddable":true,"href":"https:\/\/antika-lipovec.si\/de\/wp-json\/wp\/v2\/media\/6964"}],"wp:attachment":[{"href":"https:\/\/antika-lipovec.si\/de\/wp-json\/wp\/v2\/media?parent=6963"}],"wp:term":[{"taxonomy":"product_brand","embeddable":true,"href":"https:\/\/antika-lipovec.si\/de\/wp-json\/wp\/v2\/product_brand?post=6963"},{"taxonomy":"product_cat","embeddable":true,"href":"https:\/\/antika-lipovec.si\/de\/wp-json\/wp\/v2\/product_cat?post=6963"},{"taxonomy":"product_tag","embeddable":true,"href":"https:\/\/antika-lipovec.si\/de\/wp-json\/wp\/v2\/product_tag?post=6963"}],"curies":[{"name":"wp","href":"https:\/\/api.w.org\/{rel}","templated":true}]}}