{"id":6940,"date":"2020-11-12T10:31:04","date_gmt":"2020-11-12T10:31:04","guid":{"rendered":"https:\/\/antika-lipovec.si\/?post_type=product&#038;p=6940"},"modified":"2024-05-15T10:09:49","modified_gmt":"2024-05-15T10:09:49","slug":"tapetnisko-blago-metropolis","status":"publish","type":"product","link":"https:\/\/antika-lipovec.si\/de\/trgovina\/der-rest\/polsterstoff\/tapetnisko-blago-metropolis\/","title":{"rendered":"Tapetni\u0161ko blago B &#8211; dvojna \u0161irina (280 cm)"},"content":{"rendered":"<p>Kvalitetno tapetni\u0161ko blago, poreklo Italija, 1. kakovostni razred, ognjevarno blago, <strong>\u0161irina: 280cm, <\/strong>v razli\u010dnih vzorcih in barvnih odtenkih. Po naro\u010dilu (dobava max 14 dni). Cena: 115 eur\/tm + ddv.<\/p>\n<p>Vzorci blaga so na voljo v na\u0161i prodajalni.<\/p>\n","protected":false},"excerpt":{"rendered":"<p>Kvalitetno tapetni\u0161ko blago, poreklo Italija, 1. kakovostni razred, ognjevarno blago, \u0161irina: 280cm, v razli\u010dnih vzorcih in barvnih odtenkih. Po naro\u010dilu (dobava max 14 dni). Cena: 115 eur\/tm + ddv. Vzorci blaga so na voljo v na\u0161i prodajalni.<\/p>\n","protected":false},"featured_media":6941,"template":"","meta":{"_et_pb_use_builder":"","_et_pb_old_content":"","_et_gb_content_width":""},"product_brand":[],"product_cat":[263],"product_tag":[184],"class_list":{"0":"post-6940","1":"product","2":"type-product","3":"status-publish","4":"has-post-thumbnail","6":"product_cat-tapetnisko-blago","7":"product_tag-tapetnisko-blago","9":"first","10":"onbackorder","11":"shipping-taxable","12":"purchasable","13":"product-type-simple"},"_links":{"self":[{"href":"https:\/\/antika-lipovec.si\/de\/wp-json\/wp\/v2\/product\/6940","targetHints":{"allow":["GET"]}}],"collection":[{"href":"https:\/\/antika-lipovec.si\/de\/wp-json\/wp\/v2\/product"}],"about":[{"href":"https:\/\/antika-lipovec.si\/de\/wp-json\/wp\/v2\/types\/product"}],"wp:featuredmedia":[{"embeddable":true,"href":"https:\/\/antika-lipovec.si\/de\/wp-json\/wp\/v2\/media\/6941"}],"wp:attachment":[{"href":"https:\/\/antika-lipovec.si\/de\/wp-json\/wp\/v2\/media?parent=6940"}],"wp:term":[{"taxonomy":"product_brand","embeddable":true,"href":"https:\/\/antika-lipovec.si\/de\/wp-json\/wp\/v2\/product_brand?post=6940"},{"taxonomy":"product_cat","embeddable":true,"href":"https:\/\/antika-lipovec.si\/de\/wp-json\/wp\/v2\/product_cat?post=6940"},{"taxonomy":"product_tag","embeddable":true,"href":"https:\/\/antika-lipovec.si\/de\/wp-json\/wp\/v2\/product_tag?post=6940"}],"curies":[{"name":"wp","href":"https:\/\/api.w.org\/{rel}","templated":true}]}}